{"id":5267,"date":"2023-02-14T13:31:44","date_gmt":"2023-02-14T13:31:44","guid":{"rendered":"https:\/\/marof.net\/apartmaji\/"},"modified":"2024-03-23T13:07:03","modified_gmt":"2024-03-23T13:07:03","slug":"apartments","status":"publish","type":"page","link":"https:\/\/marof.net\/de\/apartments\/","title":{"rendered":"Apartments"},"content":{"rendered":"\n\t<section class=\"section dark\" id=\"section_300035298\">\n\t\t<div class=\"section-bg fill\" >\n\t\t\t<img loading=\"lazy\" decoding=\"async\" width=\"1900\" height=\"1267\" src=\"https:\/\/marof.net\/wp-content\/uploads\/2023\/02\/apartma-marof-apartmaji-marof-02.webp\" class=\"bg attachment-original size-original\" alt=\"Apartmaji Marof - dnevni prostor na\u0161ega najve\u010djega apartmaja Marof\" \/>\t\t\t\t\t\t<div class=\"section-bg-overlay absolute fill\"><\/div>\n\t\t\t\n\n\t\t<\/div>\n\n\t\t\n\n\t\t<div class=\"section-content relative\">\n\t\t\t\n<div class=\"row row-collapse\"  id=\"row-871792812\">\n\n\t<div id=\"col-1212957563\" class=\"col medium-12 small-12 large-9\"  >\n\t\t\t\t<div class=\"col-inner text-left\"  >\n\t\t\t\n\t\t\t\n\t<div id=\"text-3001666700\" class=\"text\">\n\t\t\n<h1>Apartments<\/h1>\n\t\t\n<style>\n#text-3001666700 {\n  font-size: 2rem;\n}\n<\/style>\n\t<\/div>\n\t\n\t<div id=\"text-2793204173\" class=\"text\">\n\t\t\n<p>Brandneue, helle, ger\u00e4umige und modern ausgestattete Apartments mit eigenem Balkon bieten einen angenehmen Aufenthalt mit herrlichem Blick auf die malerische Landschaft.<\/p>\n\t\t\n<style>\n#text-2793204173 {\n  font-size: 1.2rem;\n}\n<\/style>\n\t<\/div>\n\t\n\t\t<\/div>\n\t\t\t\t\n<style>\n#col-1212957563 > .col-inner {\n  padding: 0px 5% 0px 5%;\n  margin: 130px 0px 0px 0px;\n}\n@media (min-width:550px) {\n  #col-1212957563 > .col-inner {\n    padding: 0px 20px 0px 20px;\n    margin: 27px 0px 0px 0px;\n  }\n}\n@media (min-width:850px) {\n  #col-1212957563 > .col-inner {\n    margin: 34vh 0px 0px 0px;\n  }\n}\n<\/style>\n\t<\/div>\n\n\t\n<\/div>\n\t\t<\/div>\n\n\t\t\n<style>\n#section_300035298 {\n  padding-top: 30px;\n  padding-bottom: 30px;\n  min-height: 68vh;\n}\n#section_300035298 .section-bg-overlay {\n  background-color: rgba(0, 0, 0, 0.169);\n}\n#section_300035298 .section-bg img {\n  object-position: 40% 63%;\n}\n@media (min-width:550px) {\n  #section_300035298 {\n    min-height: 45vh;\n  }\n}\n@media (min-width:850px) {\n  #section_300035298 {\n    min-height: 55vh;\n  }\n}\n<\/style>\n\t<\/section>\n\t\n\n\t<section class=\"section\" id=\"section_1615971753\">\n\t\t<div class=\"section-bg fill\" >\n\t\t\t\t\t\t\t\t\t\n\t\t\t\n\n\t\t<\/div>\n\n\t\t\n\n\t\t<div class=\"section-content relative\">\n\t\t\t\n<div class=\"row row-collapse row-full-width\"  id=\"row-489868977\">\n\n\t<div id=\"col-1250831926\" class=\"col medium-12 small-12 large-6 small-col-first\"  >\n\t\t\t\t<div class=\"col-inner\"  >\n\t\t\t\n\t\t\t\n\t<div class=\"box has-hover   has-hover box-shadow-2 box-vertical box-text-middle\" >\n\n\t\t<div class=\"box-image\" style=\"width:60%;\">\n\t\t\t<a href=\"\/de\/apartment-marof\/\" >\t\t\t<div class=\"image-zoom image-zoom\" >\n\t\t\t\t<img loading=\"lazy\" decoding=\"async\" width=\"1900\" height=\"1267\" src=\"https:\/\/marof.net\/wp-content\/uploads\/2023\/02\/apartma-marof-apartmaji-marof-01.webp\" class=\"attachment- size-\" alt=\"Apartmaji Marof - dnevni prostor na\u0161ega najve\u010djega apartmaja Marof\" srcset=\"https:\/\/marof.net\/wp-content\/uploads\/2023\/02\/apartma-marof-apartmaji-marof-01.webp 1900w, https:\/\/marof.net\/wp-content\/uploads\/2023\/02\/apartma-marof-apartmaji-marof-01-247x165.webp 247w, https:\/\/marof.net\/wp-content\/uploads\/2023\/02\/apartma-marof-apartmaji-marof-01-510x340.webp 510w, https:\/\/marof.net\/wp-content\/uploads\/2023\/02\/apartma-marof-apartmaji-marof-01-300x200.webp 300w, https:\/\/marof.net\/wp-content\/uploads\/2023\/02\/apartma-marof-apartmaji-marof-01-1024x683.webp 1024w, https:\/\/marof.net\/wp-content\/uploads\/2023\/02\/apartma-marof-apartmaji-marof-01-768x512.webp 768w, https:\/\/marof.net\/wp-content\/uploads\/2023\/02\/apartma-marof-apartmaji-marof-01-1536x1024.webp 1536w\" sizes=\"auto, (max-width: 1900px) 100vw, 1900px\" \/>\t\t\t\t<div class=\"overlay\" style=\"background-color:rgba(0, 0, 0, 0)\"><\/div>\t\t\t\t\t\t\t<\/div>\n\t\t\t<\/a>\t\t<\/div>\n\n\t\t<div class=\"box-text text-center\" style=\"background-color:rgb(251, 247, 240);\">\n\t\t\t<div class=\"box-text-inner\">\n\t\t\t\t\n\t<div id=\"text-1434443157\" class=\"text\">\n\t\t\n<h2><a href=\"\/de\/apartment-marof\/\">Marof<\/a><\/h2>\n\t\t\n<style>\n#text-1434443157 {\n  font-size: 1.2rem;\n}\n<\/style>\n\t<\/div>\n\t\n\t<div id=\"text-3715258162\" class=\"text\">\n\t\t\n<p style=\"text-align: center;\">6 &#8211; 8 Personen \/ 92 m2<\/p>\n\t\t\n<style>\n#text-3715258162 {\n  font-size: 1rem;\n}\n<\/style>\n\t<\/div>\n\t\n\t<div id=\"text-1289152404\" class=\"text\">\n\t\t\n<p>ab <strong>165 \u20ac <\/strong>\/ Nacht<\/p>\n\t\t\n<style>\n#text-1289152404 {\n  font-size: 1rem;\n}\n<\/style>\n\t<\/div>\n\t\n\t<div id=\"stack-650126769\" class=\"stack stack-col justify-start items-center\">\n\t\t\n\t<div id=\"gap-339968079\" class=\"gap-element clearfix\" style=\"display:block; height:auto;\">\n\t\t\n<style>\n#gap-339968079 {\n  padding-top: 6px;\n}\n<\/style>\n\t<\/div>\n\t\n<a href=\"\/de\/apartment-marof\/\" class=\"button primary lowercase\" >\n\t\t<span>Reservieren<\/span>\n\t<i class=\"icon-angle-right\" aria-hidden=\"true\"><\/i><\/a>\n\n\t\t\n<style>\n#stack-650126769 > * {\n  --stack-gap: 0.25rem;\n}\n<\/style>\n\t<\/div>\n\t\n\t\t\t<\/div>\n\t\t<\/div>\n\t<\/div>\n\t\n\t<div id=\"gap-826988836\" class=\"gap-element clearfix\" style=\"display:block; height:auto;\">\n\t\t\n<style>\n#gap-826988836 {\n  padding-top: 30px;\n}\n<\/style>\n\t<\/div>\n\t\n\t<div class=\"box has-hover   has-hover box-shadow-2 box-vertical box-text-middle\" >\n\n\t\t<div class=\"box-image\" style=\"width:60%;\">\n\t\t\t<a href=\"\/de\/apartment-vina-gora\/\" >\t\t\t<div class=\"image-zoom\" >\n\t\t\t\t<img loading=\"lazy\" decoding=\"async\" width=\"1900\" height=\"1267\" src=\"https:\/\/marof.net\/wp-content\/uploads\/2023\/10\/apartma-vina-gora-apartmaji-marof-01.webp\" class=\"attachment- size-\" alt=\"\" srcset=\"https:\/\/marof.net\/wp-content\/uploads\/2023\/10\/apartma-vina-gora-apartmaji-marof-01.webp 1900w, https:\/\/marof.net\/wp-content\/uploads\/2023\/10\/apartma-vina-gora-apartmaji-marof-01-247x165.webp 247w, https:\/\/marof.net\/wp-content\/uploads\/2023\/10\/apartma-vina-gora-apartmaji-marof-01-510x340.webp 510w, https:\/\/marof.net\/wp-content\/uploads\/2023\/10\/apartma-vina-gora-apartmaji-marof-01-300x200.webp 300w, https:\/\/marof.net\/wp-content\/uploads\/2023\/10\/apartma-vina-gora-apartmaji-marof-01-1024x683.webp 1024w, https:\/\/marof.net\/wp-content\/uploads\/2023\/10\/apartma-vina-gora-apartmaji-marof-01-768x512.webp 768w, https:\/\/marof.net\/wp-content\/uploads\/2023\/10\/apartma-vina-gora-apartmaji-marof-01-1536x1024.webp 1536w\" sizes=\"auto, (max-width: 1900px) 100vw, 1900px\" \/>\t\t\t\t\t\t\t\t\t\t\t<\/div>\n\t\t\t<\/a>\t\t<\/div>\n\n\t\t<div class=\"box-text text-center dark\" style=\"background-color:rgb(0, 46, 35);padding:12px 0px 4px 0px;\">\n\t\t\t<div class=\"box-text-inner\">\n\t\t\t\t\n\t<div id=\"text-3652478369\" class=\"text\">\n\t\t\n<h2><a href=\"\/de\/apartment-vina-gora\/\">Vina Gora<\/a><\/h2>\n\t\t\n<style>\n#text-3652478369 {\n  font-size: 1.2rem;\n}\n<\/style>\n\t<\/div>\n\t\n\t<div id=\"text-4070513839\" class=\"text\">\n\t\t\n<p style=\"text-align: center;\">2 &#8211; 4 Personen \/ 46 m2<\/p>\n\t\t\n<style>\n#text-4070513839 {\n  font-size: 1rem;\n}\n<\/style>\n\t<\/div>\n\t\n\t<div id=\"text-3438003147\" class=\"text\">\n\t\t\n<p>ab <strong>135 \u20ac <\/strong>\/ Nacht<\/p>\n\t\t\n<style>\n#text-3438003147 {\n  font-size: 1rem;\n}\n<\/style>\n\t<\/div>\n\t\n<a href=\"\/de\/apartment-vina-gora\/\" class=\"button white is-outline lowercase\" >\n\t\t<span>Reservieren<\/span>\n\t<i class=\"icon-angle-right\" aria-hidden=\"true\"><\/i><\/a>\n\n\t\t\t<\/div>\n\t\t<\/div>\n\t<\/div>\n\t\n\t<div id=\"gap-423182505\" class=\"gap-element clearfix\" style=\"display:block; height:auto;\">\n\t\t\n<style>\n#gap-423182505 {\n  padding-top: 30px;\n}\n<\/style>\n\t<\/div>\n\t\n\t<div class=\"box has-hover   has-hover box-shadow-2 box-vertical box-text-middle\" >\n\n\t\t<div class=\"box-image\" style=\"width:60%;\">\n\t\t\t<a href=\"\/de\/apartment-bistrica\/\" >\t\t\t<div class=\"image-zoom image-zoom\" >\n\t\t\t\t<img loading=\"lazy\" decoding=\"async\" width=\"1900\" height=\"1267\" src=\"https:\/\/marof.net\/wp-content\/uploads\/2023\/10\/apartma-bistrica-apartmaji-marof-01.webp\" class=\"attachment- size-\" alt=\"\" srcset=\"https:\/\/marof.net\/wp-content\/uploads\/2023\/10\/apartma-bistrica-apartmaji-marof-01.webp 1900w, https:\/\/marof.net\/wp-content\/uploads\/2023\/10\/apartma-bistrica-apartmaji-marof-01-247x165.webp 247w, https:\/\/marof.net\/wp-content\/uploads\/2023\/10\/apartma-bistrica-apartmaji-marof-01-510x340.webp 510w, https:\/\/marof.net\/wp-content\/uploads\/2023\/10\/apartma-bistrica-apartmaji-marof-01-300x200.webp 300w, https:\/\/marof.net\/wp-content\/uploads\/2023\/10\/apartma-bistrica-apartmaji-marof-01-1024x683.webp 1024w, https:\/\/marof.net\/wp-content\/uploads\/2023\/10\/apartma-bistrica-apartmaji-marof-01-768x512.webp 768w, https:\/\/marof.net\/wp-content\/uploads\/2023\/10\/apartma-bistrica-apartmaji-marof-01-1536x1024.webp 1536w\" sizes=\"auto, (max-width: 1900px) 100vw, 1900px\" \/>\t\t\t\t\t\t\t\t\t\t\t<\/div>\n\t\t\t<\/a>\t\t<\/div>\n\n\t\t<div class=\"box-text text-center\" style=\"background-color:rgb(251, 247, 240);\">\n\t\t\t<div class=\"box-text-inner\">\n\t\t\t\t\n\t<div id=\"text-3738134287\" class=\"text\">\n\t\t\n<h2><a href=\"\/de\/apartment-bistrica\/\">Bistrica<\/a><\/h2>\n\t\t\n<style>\n#text-3738134287 {\n  font-size: 1.2rem;\n}\n<\/style>\n\t<\/div>\n\t\n\t<div id=\"text-3989522690\" class=\"text\">\n\t\t\n<p style=\"text-align: center;\">2 &#8211; 4 Personen \/ 34 m2<\/p>\n\t\t\n<style>\n#text-3989522690 {\n  font-size: 1rem;\n}\n<\/style>\n\t<\/div>\n\t\n\t<div id=\"text-3240534328\" class=\"text\">\n\t\t\n<p>ab <strong>135 \u20ac <\/strong>\/ Nacht<\/p>\n\t\t\n<style>\n#text-3240534328 {\n  font-size: 1rem;\n}\n<\/style>\n\t<\/div>\n\t\n<a href=\"\/de\/apartment-bistrica\/\" class=\"button primary lowercase\" >\n\t\t<span>Reservieren<\/span>\n\t<i class=\"icon-angle-right\" aria-hidden=\"true\"><\/i><\/a>\n\n\t\t\t<\/div>\n\t\t<\/div>\n\t<\/div>\n\t\n\t<div id=\"gap-1744769327\" class=\"gap-element clearfix\" style=\"display:block; height:auto;\">\n\t\t\n<style>\n#gap-1744769327 {\n  padding-top: 30px;\n}\n<\/style>\n\t<\/div>\n\t\n\t<div class=\"box has-hover   has-hover box-shadow-2 box-vertical box-text-middle\" >\n\n\t\t<div class=\"box-image\" style=\"width:60%;\">\n\t\t\t<a href=\"\/de\/apartment-sotla\/\" >\t\t\t<div class=\"image-zoom\" >\n\t\t\t\t<img loading=\"lazy\" decoding=\"async\" width=\"1900\" height=\"1267\" src=\"https:\/\/marof.net\/wp-content\/uploads\/2023\/10\/apartma-sotla-apartmaji-marof-01.webp\" class=\"attachment- size-\" alt=\"\" srcset=\"https:\/\/marof.net\/wp-content\/uploads\/2023\/10\/apartma-sotla-apartmaji-marof-01.webp 1900w, https:\/\/marof.net\/wp-content\/uploads\/2023\/10\/apartma-sotla-apartmaji-marof-01-247x165.webp 247w, https:\/\/marof.net\/wp-content\/uploads\/2023\/10\/apartma-sotla-apartmaji-marof-01-510x340.webp 510w, https:\/\/marof.net\/wp-content\/uploads\/2023\/10\/apartma-sotla-apartmaji-marof-01-300x200.webp 300w, https:\/\/marof.net\/wp-content\/uploads\/2023\/10\/apartma-sotla-apartmaji-marof-01-1024x683.webp 1024w, https:\/\/marof.net\/wp-content\/uploads\/2023\/10\/apartma-sotla-apartmaji-marof-01-768x512.webp 768w, https:\/\/marof.net\/wp-content\/uploads\/2023\/10\/apartma-sotla-apartmaji-marof-01-1536x1024.webp 1536w\" sizes=\"auto, (max-width: 1900px) 100vw, 1900px\" \/>\t\t\t\t<div class=\"overlay\" style=\"background-color:rgba(0, 0, 0, 0)\"><\/div>\t\t\t\t\t\t\t<\/div>\n\t\t\t<\/a>\t\t<\/div>\n\n\t\t<div class=\"box-text text-center dark\" style=\"background-color:rgb(0, 46, 35);\">\n\t\t\t<div class=\"box-text-inner\">\n\t\t\t\t\n\t<div id=\"text-363677238\" class=\"text\">\n\t\t\n<h2><a href=\"\/de\/apartment-sotla\/\">Sotla<\/a><\/h2>\n\t\t\n<style>\n#text-363677238 {\n  font-size: 1.2rem;\n}\n<\/style>\n\t<\/div>\n\t\n\t<div id=\"text-4020244004\" class=\"text\">\n\t\t\n<p style=\"text-align: center;\">4 &#8211; 6 Personen \/ 60 m2<\/p>\n\t\t\n<style>\n#text-4020244004 {\n  font-size: 1rem;\n}\n<\/style>\n\t<\/div>\n\t\n\t<div id=\"text-2118120617\" class=\"text\">\n\t\t\n<p>ab<strong> 155 \u20ac <\/strong>\/ Nacht<\/p>\n\t\t\n<style>\n#text-2118120617 {\n  font-size: 1rem;\n}\n<\/style>\n\t<\/div>\n\t\n<a href=\"\/de\/apartment-sotla\/\" class=\"button white is-outline lowercase\" >\n\t\t<span>Reservieren<\/span>\n\t<i class=\"icon-angle-right\" aria-hidden=\"true\"><\/i><\/a>\n\n\t\t\t<\/div>\n\t\t<\/div>\n\t<\/div>\n\t\n\t<div id=\"gap-1988733828\" class=\"gap-element clearfix\" style=\"display:block; height:auto;\">\n\t\t\n<style>\n#gap-1988733828 {\n  padding-top: 18px;\n}\n@media (min-width:550px) {\n  #gap-1988733828 {\n    padding-top: 46px;\n  }\n}\n<\/style>\n\t<\/div>\n\t\n<a data-animate=\"flipInY\" href=\"\/de\/sonderangebot\/\" class=\"button primary is-outline lowercase reveal-icon expand show-for-small\" style=\"padding:10px 3em 10px 3em;\">\n\t\t<span>Sonderangebot<\/span>\n\t<i class=\"icon-angle-right\" aria-hidden=\"true\"><\/i><\/a>\n\n\t\t<\/div>\n\t\t\t\t\n<style>\n#col-1250831926 > .col-inner {\n  padding: 0px 0px 0px 0px;\n}\n@media (min-width:550px) {\n  #col-1250831926 > .col-inner {\n    padding: 33px 0px 1px 0px;\n  }\n}\n<\/style>\n\t<\/div>\n\n\t\n\n\t<div id=\"col-1278171895\" class=\"col medium-12 small-12 large-6 medium-col-first\"  >\n\t\t<div class=\"is-sticky-column\"><div class=\"is-sticky-column__inner\">\t\t<div class=\"col-inner text-center\"  >\n\t\t\t\n\t\t\t\n<div class=\"row row-collapse row-full-width align-middle align-center\"  id=\"row-1753516100\">\n\n\t<div id=\"col-518690443\" class=\"col medium-12 small-12 large-11 medium-col-first\"  >\n\t\t\t\t<div class=\"col-inner text-left\"  >\n\t\t\t\n\t\t\t\n\t<div id=\"gap-2015870962\" class=\"gap-element clearfix\" style=\"display:block; height:auto;\">\n\t\t\n<style>\n#gap-2015870962 {\n  padding-top: 0px;\n}\n@media (min-width:550px) {\n  #gap-2015870962 {\n    padding-top: 15px;\n  }\n}\n@media (min-width:850px) {\n  #gap-2015870962 {\n    padding-top: 30px;\n  }\n}\n<\/style>\n\t<\/div>\n\t\n\t<div id=\"text-2099073992\" class=\"text\">\n\t\t\n<h2 class=\"thin-font\"><b>Unsere Apartments \u2013 auf dem Gipfel der Entspannung<\/b><\/h2>\n\t\t\n<style>\n#text-2099073992 {\n  font-size: 1.6rem;\n  line-height: 2.5;\n  text-align: left;\n}\n<\/style>\n\t<\/div>\n\t\n<p><strong>Unsere neuen Apartments sind weit genug vom Zentrum des Dorfes Bistrica ob Sotli<\/strong> entfernt, dass Sie die Natur in der ruhigen l\u00e4ndlichen Umgebung im Herzen des Kozjansko \u2013 einem Natura 2000 Schutzgebiet \u2013 genie\u00dfen k\u00f6nnen. Die au\u00dfergew\u00f6hnliche Lage bietet einen herrlichen Blick \u00fcber die Ebene auf die umliegenden Weinberge.<\/p>\n<p><strong>Alle Apartments verf\u00fcgen \u00fcber eine voll ausgestattete K\u00fcche, einen Esstisch, einen Wohnbereich mit einem Sofa bzw. einem hochwertigen Bett f\u00fcr zwei Personen,<\/strong> Fernseher (Smart-TV), WI-FI, ein oder mehrere private Schlafzimmer mit hochwertigen Betten, einen Vorraum f\u00fcr die Garderobe, ein funktionales Badezimmer mit Dusche, WC, Haartrockner, Handt\u00fcchern, fl\u00fcssiger Seife und Shampoo, Toilettenpapier, Papiert\u00fcchern.<\/p>\n<p><strong>Getrennte Schlafzimmer sorgen f\u00fcr Diskretion und ruhigen Schlaf in einem Doppelbett oder zwei Einzelbetten.<\/strong> Es gibt Platz f\u00fcr die Aufbewahrung von Kleidung und Gep\u00e4ck. Bei Bedarf stehen ein Kinderbett und ein Hochstuhl zur Verf\u00fcgung.<\/p>\n<p><strong>Die K\u00fcche bietet ein gro\u00dfes Induktionskochfeld, einen K\u00fchlschrank und auf Wunsch eine Mikrowelle.<\/strong> Zwei gr\u00f6\u00dfere Apartments verf\u00fcgen auch \u00fcber einen Ofen\u00a0 und eine Sp\u00fclmaschine. Es ist alles vorhanden: Kochgeschirr und -utensilien, Essgeschirr, Saft- und Weingl\u00e4ser.<\/p>\n<p><span style=\"font-size: 14.4px;\">.<\/span><\/p>\n\t<div id=\"gap-1869690261\" class=\"gap-element clearfix\" style=\"display:block; height:auto;\">\n\t\t\n<style>\n#gap-1869690261 {\n  padding-top: 0px;\n}\n@media (min-width:550px) {\n  #gap-1869690261 {\n    padding-top: 30px;\n  }\n}\n<\/style>\n\t<\/div>\n\t\n\t<div id=\"stack-4239801156\" class=\"stack stack-row justify-start items-stretch sm:stack-col\">\n\t\t\n\t<div id=\"text-1205081651\" class=\"text\">\n\t\t\n<h3>Apartments \u2013 Ausstattung<\/h3>\n<p><span style=\"font-size: 100%;\"><strong>\u2713<\/strong> Klimaanlage<\/span><br \/><span style=\"font-size: 100%;\"><strong>\u2713<\/strong> TV \/ Radio<\/span><br \/><span style=\"font-size: 100%;\"><strong>\u2713<\/strong> WI-FI<\/span><br \/><span style=\"font-size: 100%;\"><strong>\u2713<\/strong> Safe<\/span><\/p>\n\t\t\t<\/div>\n\t\n\t<div id=\"gap-1799023968\" class=\"gap-element clearfix\" style=\"display:block; height:auto;\">\n\t\t\n<style>\n#gap-1799023968 {\n  padding-top: 11px;\n}\n@media (min-width:550px) {\n  #gap-1799023968 {\n    padding-top: 30px;\n  }\n}\n<\/style>\n\t<\/div>\n\t\n\t<div id=\"text-4096063849\" class=\"text\">\n\t\t\n<h3>Nachhaltigkeit ist uns ein besonders Anliegen bei<\/h3>\n<p><span style=\"font-size: 100%;\"><strong><span style=\"color: #434f38;\">\u2713<\/span> <\/strong>Trinkwasser<br \/><strong><span style=\"color: #434f38;\">\u2713 <\/span><\/strong>Heizung mit Solarenergie \/ W\u00e4rmepumpe<br \/><strong> <span style=\"color: #434f38;\">\u2713 <\/span><\/strong><\/span>Lebensmittel aus eigenem Anbau oder von benachbarten Bauernh\u00f6fen<br \/><span style=\"font-size: 100%;\"><strong><span style=\"color: #434f38;\">\u2713 <\/span><\/strong>Geringer CO<sub>2<\/sub>-Fu\u00dfabdruck<\/span><\/p>\n\t\t\t<\/div>\n\t\n\t\t\n<style>\n#stack-4239801156 > * {\n  --stack-gap: 0.5rem;\n}\n@media (min-width:550px) {\n  #stack-4239801156 > * {\n    --stack-gap: 5.75rem;\n  }\n}\n@media (min-width:850px) {\n  #stack-4239801156 > * {\n    --stack-gap: 3rem;\n  }\n}\n<\/style>\n\t<\/div>\n\t\n\t<div id=\"gap-1665981668\" class=\"gap-element clearfix\" style=\"display:block; height:auto;\">\n\t\t\n<style>\n#gap-1665981668 {\n  padding-top: 32px;\n}\n@media (min-width:550px) {\n  #gap-1665981668 {\n    padding-top: 46px;\n  }\n}\n<\/style>\n\t<\/div>\n\t\n\t<div id=\"stack-3538391920\" class=\"stack hide-for-small stack-row justify-start items-stretch\">\n\t\t\n<a href=\"\/de\/sonderangebot\/\" class=\"button primary lowercase reveal-icon\" style=\"padding:10px 3em 10px 3em;\">\n\t\t<span>Sonderangebot<\/span>\n\t<i class=\"icon-angle-right\" aria-hidden=\"true\"><\/i><\/a>\n\n\t\t\n<style>\n#stack-3538391920 > * {\n  --stack-gap: 0rem;\n}\n<\/style>\n\t<\/div>\n\t\n\t\t<\/div>\n\t\t\t\t\n<style>\n#col-518690443 > .col-inner {\n  padding: 0px 1% 0px 1%;\n  margin: 5% 0px 8% 0px;\n}\n@media (min-width:550px) {\n  #col-518690443 > .col-inner {\n    padding: 0px 1% 0px 1%;\n    margin: 3% 0px 7% 0px;\n  }\n}\n@media (min-width:850px) {\n  #col-518690443 > .col-inner {\n    padding: 58px 1% 0px 1%;\n    margin: 0px 0px 80px 0px;\n  }\n}\n<\/style>\n\t<\/div>\n\n\t\n<\/div>\n\t\t<\/div>\n\t\t<\/div><\/div>\t\t\n<style>\n#col-1278171895 > .is-sticky-column > .is-sticky-column__inner > .col-inner {\n  padding: 0% 4% 5% 4%;\n}\n@media (min-width:550px) {\n  #col-1278171895 > .is-sticky-column > .is-sticky-column__inner > .col-inner {\n    padding: 0% 5% 0% 5%;\n  }\n}\n<\/style>\n\t<\/div>\n\n\t\n\n<style>\n#row-489868977 > .col > .col-inner {\n  padding: 20px 10px 0px 10px;\n}\n@media (min-width:550px) {\n  #row-489868977 > .col > .col-inner {\n    padding: 22px 10px 0px 10px;\n  }\n}\n@media (min-width:850px) {\n  #row-489868977 > .col > .col-inner {\n    padding: 45px 0px 0px 52px;\n  }\n}\n<\/style>\n<\/div>\n\t\t<\/div>\n\n\t\t\n<style>\n#section_1615971753 {\n  padding-top: 0px;\n  padding-bottom: 0px;\n}\n<\/style>\n\t<\/section>\n\t\n","protected":false},"excerpt":{"rendered":"","protected":false},"author":1,"featured_media":5268,"parent":0,"menu_order":0,"comment_status":"closed","ping_status":"closed","template":"page-blank.php","meta":{"footnotes":""},"class_list":["post-5267","page","type-page","status-publish","has-post-thumbnail","hentry"],"_links":{"self":[{"href":"https:\/\/marof.net\/de\/wp-json\/wp\/v2\/pages\/5267","targetHints":{"allow":["GET"]}}],"collection":[{"href":"https:\/\/marof.net\/de\/wp-json\/wp\/v2\/pages"}],"about":[{"href":"https:\/\/marof.net\/de\/wp-json\/wp\/v2\/types\/page"}],"author":[{"embeddable":true,"href":"https:\/\/marof.net\/de\/wp-json\/wp\/v2\/users\/1"}],"replies":[{"embeddable":true,"href":"https:\/\/marof.net\/de\/wp-json\/wp\/v2\/comments?post=5267"}],"version-history":[{"count":0,"href":"https:\/\/marof.net\/de\/wp-json\/wp\/v2\/pages\/5267\/revisions"}],"wp:featuredmedia":[{"embeddable":true,"href":"https:\/\/marof.net\/de\/wp-json\/wp\/v2\/media\/5268"}],"wp:attachment":[{"href":"https:\/\/marof.net\/de\/wp-json\/wp\/v2\/media?parent=5267"}],"curies":[{"name":"wp","href":"https:\/\/api.w.org\/{rel}","templated":true}]}}