{"id":5319,"date":"2023-11-19T11:51:54","date_gmt":"2023-11-19T11:51:54","guid":{"rendered":"https:\/\/marof.net\/aktivnosti\/"},"modified":"2024-03-23T09:33:41","modified_gmt":"2024-03-23T09:33:41","slug":"aktivitaten","status":"publish","type":"page","link":"https:\/\/marof.net\/de\/aktivitaten\/","title":{"rendered":"Aktivit\u00e4ten"},"content":{"rendered":"\n\t<section class=\"section dark\" id=\"section_810505736\">\n\t\t<div class=\"section-bg fill\" >\n\t\t\t<img loading=\"lazy\" decoding=\"async\" width=\"2550\" height=\"710\" src=\"https:\/\/marof.net\/wp-content\/uploads\/2023\/12\/aktivnosti-marof-turisticna-kmetija-03.webp\" class=\"bg attachment-original size-original\" alt=\"\" \/>\t\t\t\t\t\t<div class=\"section-bg-overlay absolute fill\"><\/div>\n\t\t\t\n\n\t\t<\/div>\n\n\t\t\n\n\t\t<div class=\"section-content relative\">\n\t\t\t\n<div class=\"row row-collapse align-bottom\"  id=\"row-1175558468\">\n\n\t<div id=\"col-2047934188\" class=\"col medium-12 small-12 large-12\"  >\n\t\t\t\t<div class=\"col-inner text-left\"  >\n\t\t\t\n\t\t\t\n\t<div id=\"text-2523271627\" class=\"text\">\n\t\t\n<h1>Aktivit\u00e4ten<\/h1>\n\t\t\n<style>\n#text-2523271627 {\n  font-size: 1.3rem;\n}\n@media (min-width:550px) {\n  #text-2523271627 {\n    font-size: 2rem;\n  }\n}\n<\/style>\n\t<\/div>\n\t\n\t<div id=\"text-3282041386\" class=\"text\">\n\t\t\n<p><strong>Der Familienbauernhof Marof \u00a0liegt im h\u00fcbschen Dorf Bistrica ob Sotli, im Gebiet des Kozjansko, einem Natura 2000 Schutzgebiet, diesem sonnigen, naturbelassenen H\u00fcgelland in der N\u00e4he von Thermalb\u00e4dern.<\/strong> Das Weingut und die <br \/>neuen, modern ausgestatteten Apartments mit Wellnessbereich befinden sich in einer ruhigen Umgebung inmitten von Gr\u00fcn. Alle, die Ruhe und Entspannung suchen, sind hier ebenso am richtigen Platz wie G\u00e4ste, die sanfte Aktivit\u00e4ten in der n\u00e4heren Umgebung suchen.<\/p>\n\t\t\n<style>\n#text-3282041386 {\n  font-size: 1rem;\n}\n@media (min-width:550px) {\n  #text-3282041386 {\n    font-size: 1.2rem;\n  }\n}\n<\/style>\n\t<\/div>\n\t\n\t\t<\/div>\n\t\t\t\t\n<style>\n#col-2047934188 > .col-inner {\n  padding: 0px 5% 0px 5%;\n  margin: 115px 0px 0px 0px;\n}\n@media (min-width:550px) {\n  #col-2047934188 > .col-inner {\n    padding: 0px 20px 0px 20px;\n    margin: 206px 0px 0px 0px;\n  }\n}\n@media (min-width:850px) {\n  #col-2047934188 > .col-inner {\n    padding: 0px 0px 0px 0px;\n    margin: 354px 0px 0px 0px;\n  }\n}\n<\/style>\n\t<\/div>\n\n\t\n<\/div>\n\t\t<\/div>\n\n\t\t\n<style>\n#section_810505736 {\n  padding-top: 30px;\n  padding-bottom: 30px;\n  min-height: 72vh;\n}\n#section_810505736 .section-bg-overlay {\n  background-color: rgba(0, 0, 0, 0.297);\n}\n#section_810505736 .section-bg img {\n  object-position: 25% 85%;\n}\n@media (min-width:550px) {\n  #section_810505736 {\n    min-height: 45vh;\n  }\n}\n@media (min-width:850px) {\n  #section_810505736 {\n    min-height: 55vh;\n  }\n}\n<\/style>\n\t<\/section>\n\t\n\n\t<section class=\"section\" id=\"section_1978975818\">\n\t\t<div class=\"section-bg fill\" >\n\t\t\t\t\t\t\t\t\t\n\t\t\t\n\n\t\t<\/div>\n\n\t\t\n\n\t\t<div class=\"section-content relative\">\n\t\t\t\n\t<div id=\"gap-353554636\" class=\"gap-element clearfix\" style=\"display:block; height:auto;\">\n\t\t\n<style>\n#gap-353554636 {\n  padding-top: 14px;\n}\n@media (min-width:550px) {\n  #gap-353554636 {\n    padding-top: 21px;\n  }\n}\n<\/style>\n\t<\/div>\n\t\n<div class=\"row row-collapse row-full-width align-middle\"  id=\"row-1418343273\">\n\n\t<div id=\"col-730456460\" class=\"col medium-12 small-12 large-6\"  >\n\t\t\t\t<div class=\"col-inner\"  >\n\t\t\t\n\t\t\t\n\n  <div class=\"banner has-hover has-parallax\" id=\"banner-1337227332\">\n          <div class=\"banner-inner fill\">\n        <div class=\"banner-bg fill\" data-parallax=\"-6\" data-parallax-container=\".banner\" data-parallax-background>\n            <img loading=\"lazy\" decoding=\"async\" width=\"1070\" height=\"1140\" src=\"https:\/\/marof.net\/wp-content\/uploads\/2023\/12\/aktivnosti-marof-turisticna-kmetija-02.webp\" class=\"bg attachment-original size-original\" alt=\"\" \/>                                    \n                    <\/div>\n\t\t\n        <div class=\"banner-layers container\">\n            <div class=\"fill banner-link\"><\/div>            \n   <div id=\"text-box-682039719\" class=\"text-box banner-layer x50 md-x50 lg-x50 y50 md-y50 lg-y50 res-text\">\n                                <div class=\"text-box-content text dark\">\n              \n              <div class=\"text-inner text-center\">\n                  \n              <\/div>\n           <\/div>\n                            \n<style>\n#text-box-682039719 {\n  width: 60%;\n}\n#text-box-682039719 .text-box-content {\n  font-size: 100%;\n}\n<\/style>\n    <\/div>\n \n        <\/div>\n      <\/div>\n\n            \n<style>\n#banner-1337227332 {\n  padding-top: 32vh;\n  background-color: rgb(255, 255, 255);\n}\n#banner-1337227332 .banner-bg img {\n  object-position: 54% 58%;\n}\n@media (min-width:550px) {\n  #banner-1337227332 {\n    padding-top: 42vh;\n  }\n}\n@media (min-width:850px) {\n  #banner-1337227332 {\n    padding-top: 88vh;\n  }\n}\n<\/style>\n  <\/div>\n\n\n<div class=\"row row-collapse align-middle align-center show-for-small\"  id=\"row-99952696\">\n\n\t<div id=\"col-83680676\" class=\"col medium-4 small-12 large-4\"  >\n\t\t\t\t<div class=\"col-inner\"  >\n\t\t\t\n\t\t\t\n<a href=\"\/de\/wein\/\" class=\"button primary is-outline lowercase reveal-icon expand\" style=\"padding:10px 3em 10px 3em;\">\n\t\t<span>Wein<\/span>\n\t<i class=\"icon-angle-right\" aria-hidden=\"true\"><\/i><\/a>\n\n\t\t<\/div>\n\t\t\t\t\n<style>\n#col-83680676 > .col-inner {\n  margin: 21px 0px 0px 0px;\n}\n<\/style>\n\t<\/div>\n\n\t\n\n\t<div id=\"col-575461429\" class=\"col medium-4 small-12 large-4\"  >\n\t\t\t\t<div class=\"col-inner\"  >\n\t\t\t\n\t\t\t\n<a href=\"\/de\/apartments\/\" class=\"button primary lowercase reveal-icon expand\" style=\"padding:10px 3em 10px 3em;\">\n\t\t<span>Apartments<\/span>\n\t<i class=\"icon-angle-right\" aria-hidden=\"true\"><\/i><\/a>\n\n\t\t<\/div>\n\t\t\t\t\t<\/div>\n\n\t\n\n\t<div id=\"col-1842458915\" class=\"col medium-4 small-12 large-4\"  >\n\t\t\t\t<div class=\"col-inner\"  >\n\t\t\t\n\t\t\t\n<a href=\"\/de\/wellness\/\" class=\"button primary is-outline lowercase reveal-icon expand\" style=\"padding:10px 3em 10px 3em;\">\n\t\t<span>Wellness<\/span>\n\t<i class=\"icon-angle-right\" aria-hidden=\"true\"><\/i><\/a>\n\n\t\t<\/div>\n\t\t\t\t\n<style>\n#col-1842458915 > .col-inner {\n  margin: 0px 0px 25px 0px;\n}\n<\/style>\n\t<\/div>\n\n\t\n<\/div>\n\t\t<\/div>\n\t\t\t\t\n<style>\n#col-730456460 > .col-inner {\n  padding: 0px 2% 0px 2%;\n}\n@media (min-width:550px) {\n  #col-730456460 > .col-inner {\n    padding: 0px 2% 0px 2%;\n  }\n}\n@media (min-width:850px) {\n  #col-730456460 > .col-inner {\n    padding: 0px 0px 0px 15%;\n  }\n}\n<\/style>\n\t<\/div>\n\n\t\n\n\t<div id=\"col-2025250147\" class=\"col medium-12 small-12 large-6 medium-col-first\"  >\n\t\t\t\t<div class=\"col-inner\"  >\n\t\t\t\n\t\t\t\n\t<div id=\"text-1273033098\" class=\"text\">\n\t\t\n<h2>Aktivit\u00e4ten \u2013 Bauernhof  MAROF<\/h2>\n\t\t\n<style>\n#text-1273033098 {\n  font-size: 1.6rem;\n}\n<\/style>\n\t<\/div>\n\t\n\t<div id=\"gap-747717615\" class=\"gap-element clearfix\" style=\"display:block; height:auto;\">\n\t\t\n<style>\n#gap-747717615 {\n  padding-top: 19px;\n}\n<\/style>\n\t<\/div>\n\t\n\t<div id=\"text-3899271685\" class=\"text\">\n\t\t\n<ul>\n<li>Spiele auf der Wiese (Geschicklichkeitsspiele, Spiele mit Schl\u00e4gern und Ball, Frisbee, Hufeisenwerfen, Nageln , Bogenschie\u00dfen)<\/li>\n<li>Panoramafahrt mit der Kutsche (f\u00fcr 2 \u2013 4 Personen)<\/li>\n<li>Kreative Aktivit\u00e4ten (Malen und Zeichnen, T\u00f6pfern, Glasmalerei &#8230;)<\/li>\n<li>Herstellung von Kr\u00e4uterpr\u00e4paraten (Tees, Mazerate, Cremes &#8230;)<\/li>\n<li>Kochworkshops (Zubereitung von hausgemachtem Brot, Desserts, hausgemachten Gerichten &#8230;)<\/li>\n<li>Gartenarbeit<\/li>\n<li>Arbeiten im Weinberg<\/li>\n<li>Pflege von Kleintieren<\/li>\n<li>Fahrradverleih<\/li>\n<\/ul>\n\t\t\n<style>\n#text-3899271685 {\n  font-size: 1.1rem;\n}\n<\/style>\n\t<\/div>\n\t\n\t<div id=\"text-715825178\" class=\"text\">\n\t\t\n<h2>Fahrradverleih<\/h2>\n\t\t\n<style>\n#text-715825178 {\n  font-size: 1.6rem;\n}\n<\/style>\n\t<\/div>\n\t\n\t<div id=\"text-221750744\" class=\"text\">\n\t\t\n<p><strong>Mountainbikes (1 x Herren, 1 x Damen) und Stadt- oder Trekkingr\u00e4der (1 x Herren und 1 x Damen).<\/strong><\/p>\n<p style=\"font-weight: 400;\"><strong>Preise f\u00fcr die Fahrradvermietung<\/strong>:<\/p>\n<ul>\n<li>Verleih 7 \u2013 13 Uhr: \u20ac 20<\/li>\n<li>Verleih von 13 \u2013 19 Uhr: \u20ac 20<\/li>\n<li>Tagesmiete: \u20ac 30<\/li>\n<\/ul>\n<p style=\"font-weight: 400;\"><strong>Tipps f\u00fcr Radtouren:<\/strong><\/p>\n<ul>\n<li style=\"font-weight: 400;\"><a href=\"https:\/\/www.ks-orans.bistricaobsotli.si\/karta.html\" target=\"_blank\" rel=\"noopener\" data-saferedirecturl=\"https:\/\/www.google.com\/url?q=https:\/\/www.ks-orans.bistricaobsotli.si\/karta.html&amp;source=gmail&amp;ust=1700475647325000&amp;usg=AOvVaw1rnKvkozjErdVGZ5Ha7t-d\">https:\/\/www.ks-orans.bistricaobsotli.si\/karta.html<\/a><\/li>\n<li style=\"font-weight: 400;\"><a href=\"https:\/\/www.alltrails.com\/explore\/map\/kozjanski-krog--2\" target=\"_blank\" rel=\"noopener\" data-saferedirecturl=\"https:\/\/www.google.com\/url?q=https:\/\/www.alltrails.com\/explore\/map\/kozjanski-krog--2&amp;source=gmail&amp;ust=1700475647325000&amp;usg=AOvVaw3YPGHOn0nJMJ3dDiYTaO82\">https:\/\/www.alltrails.com\/explore\/map\/kozjanski-krog&#8211;2<\/a><\/li>\n<\/ul>\n\t\t\n<style>\n#text-221750744 {\n  font-size: 1rem;\n}\n@media (min-width:550px) {\n  #text-221750744 {\n    font-size: 1.1rem;\n  }\n}\n<\/style>\n\t<\/div>\n\t\n\t<div id=\"gap-372964275\" class=\"gap-element clearfix\" style=\"display:block; height:auto;\">\n\t\t\n<style>\n#gap-372964275 {\n  padding-top: 0px;\n}\n@media (min-width:550px) {\n  #gap-372964275 {\n    padding-top: 50px;\n  }\n}\n<\/style>\n\t<\/div>\n\t\n<div class=\"row row-small align-middle align-center hide-for-small\"  id=\"row-1239697899\">\n\n\t<div id=\"col-115825047\" class=\"col medium-4 small-12 large-4\"  >\n\t\t\t\t<div class=\"col-inner\"  >\n\t\t\t\n\t\t\t\n<a href=\"\/de\/wein\/\" class=\"button primary is-outline lowercase reveal-icon expand\" style=\"padding:10px 3em 10px 3em;\">\n\t\t<span>Wein<\/span>\n\t<i class=\"icon-angle-right\" aria-hidden=\"true\"><\/i><\/a>\n\n\t\t<\/div>\n\t\t\t\t\t<\/div>\n\n\t\n\n\t<div id=\"col-1388067930\" class=\"col medium-4 small-12 large-4\"  >\n\t\t\t\t<div class=\"col-inner\"  >\n\t\t\t\n\t\t\t\n<a href=\"\/de\/apartments\/\" class=\"button primary lowercase reveal-icon expand\" style=\"padding:10px 3em 10px 3em;\">\n\t\t<span>Apartments<\/span>\n\t<i class=\"icon-angle-right\" aria-hidden=\"true\"><\/i><\/a>\n\n\t\t<\/div>\n\t\t\t\t\t<\/div>\n\n\t\n\n\t<div id=\"col-1191682475\" class=\"col medium-4 small-12 large-4\"  >\n\t\t\t\t<div class=\"col-inner\"  >\n\t\t\t\n\t\t\t\n<a href=\"\/de\/wellness\/\" class=\"button primary is-outline lowercase reveal-icon expand\" style=\"padding:10px 3em 10px 3em;\">\n\t\t<span>Wellness<\/span>\n\t<i class=\"icon-angle-right\" aria-hidden=\"true\"><\/i><\/a>\n\n\t\t<\/div>\n\t\t\t\t\t<\/div>\n\n\t\n<\/div>\n\t\t<\/div>\n\t\t\t\t\n<style>\n#col-2025250147 > .col-inner {\n  padding: 14px 2% 0px 2%;\n  margin: 0px 0px 0px 0px;\n}\n@media (min-width:550px) {\n  #col-2025250147 > .col-inner {\n    padding: 0px 2% 0px 2%;\n  }\n}\n@media (min-width:850px) {\n  #col-2025250147 > .col-inner {\n    padding: 0px 14% 0px 14%;\n  }\n}\n<\/style>\n\t<\/div>\n\n\t\n<\/div>\n\t\t<\/div>\n\n\t\t\n<style>\n#section_1978975818 {\n  padding-top: 0px;\n  padding-bottom: 0px;\n  background-color: rgb(255, 255, 255);\n}\n@media (min-width:550px) {\n  #section_1978975818 {\n    padding-top: 17px;\n    padding-bottom: 17px;\n  }\n}\n@media (min-width:850px) {\n  #section_1978975818 {\n    padding-top: 86px;\n    padding-bottom: 86px;\n  }\n}\n<\/style>\n\t<\/section>\n\t\n\n\t<section class=\"section dark has-parallax\" id=\"section_635158646\">\n\t\t<div class=\"section-bg fill\" data-parallax-container=\".section\" data-parallax-background data-parallax=\"-6\">\n\t\t\t<img loading=\"lazy\" decoding=\"async\" width=\"2550\" height=\"1350\" src=\"https:\/\/marof.net\/wp-content\/uploads\/2023\/12\/aktivnosti-marof-turisticna-kmetija-grad-podsreda-11.webp\" class=\"bg attachment-original size-original\" alt=\"\" \/>\t\t\t\t\t\t<div class=\"section-bg-overlay absolute fill\"><\/div>\n\t\t\t\n\n\t\t<\/div>\n\n\t\t\n\n\t\t<div class=\"section-content relative\">\n\t\t\t\n<div class=\"row row-full-width\"  id=\"row-1435802446\">\n\n\t<div id=\"col-922469230\" class=\"col small-12 large-12\"  >\n\t\t\t\t<div class=\"col-inner dark\"  >\n\t\t\t\n\t\t\t\n\t<div id=\"text-2751703502\" class=\"text\">\n\t\t\n<h2>Gastst\u00e4tten, touristische und landschaftliche Sehensw\u00fcrdigkeiten in der Umgebung<\/h2>\n\t\t\n<style>\n#text-2751703502 {\n  font-size: 1.6rem;\n  text-align: center;\n}\n<\/style>\n\t<\/div>\n\t\n\t\t<\/div>\n\t\t\t\t\n<style>\n#col-922469230 > .col-inner {\n  padding: 0px 2% 0px 2%;\n}\n@media (min-width:550px) {\n  #col-922469230 > .col-inner {\n    padding: 0px 0px 0px 0px;\n  }\n}\n@media (min-width:850px) {\n  #col-922469230 > .col-inner {\n    padding: 0px 0px 0px 0px;\n  }\n}\n<\/style>\n\t<\/div>\n\n\t\n<\/div>\n<div class=\"row row-small align-equal\" style=\"max-width:159vh\" id=\"row-1195756721\">\n\n\t<div id=\"col-295398147\" class=\"col medium-6 small-12 large-3\"  >\n\t\t\t\t<div class=\"col-inner\"  >\n\t\t\t\n\t\t\t\n\t<div id=\"text-1800172300\" class=\"text\">\n\t\t\n<h3 style=\"text-align: left;\"><span style=\"text-decoration: underline;\">Gasth\u00e4user, Bars und Gesch\u00e4fte<br \/>\nim Ort \u2013 700m:<br \/>\n<\/span><\/h3>\n\t\t\n<style>\n#text-1800172300 {\n  color: rgb(255, 255, 255);\n}\n#text-1800172300 > * {\n  color: rgb(255, 255, 255);\n}\n<\/style>\n\t<\/div>\n\t\n\t<div id=\"gap-2114522474\" class=\"gap-element clearfix\" style=\"display:block; height:auto;\">\n\t\t\n<style>\n#gap-2114522474 {\n  padding-top: 10px;\n}\n<\/style>\n\t<\/div>\n\t\n<ul>\n<li style=\"text-align: left;\">Imbiss Kraner<\/li>\n<li style=\"text-align: left;\">Caf\u00e9 Bar Pr Jo\u017eci<\/li>\n<li style=\"text-align: left;\">Bar Palma<\/li>\n<li style=\"text-align: left;\">Supermarkt Jager<\/li>\n<li style=\"text-align: left;\">MM Technik Bistrica ob Sotli<\/li>\n<\/ul>\n\t\t<\/div>\n\t\t\t\t\t<\/div>\n\n\t\n\n\t<div id=\"col-1275977346\" class=\"col medium-6 small-12 large-3\"  >\n\t\t\t\t<div class=\"col-inner\"  >\n\t\t\t\n\t\t\t\n\t<div id=\"text-2554134919\" class=\"text\">\n\t\t\n<h3 style=\"text-align: left;\"><span style=\"text-decoration: underline;\">Gastronomisches Angebot in der N\u00e4he:<\/span><\/h3>\n\t\t\n<style>\n#text-2554134919 {\n  color: rgb(255, 255, 255);\n}\n#text-2554134919 > * {\n  color: rgb(255, 255, 255);\n}\n<\/style>\n\t<\/div>\n\t\n\t<div id=\"gap-1783861844\" class=\"gap-element clearfix\" style=\"display:block; height:auto;\">\n\t\t\n<style>\n#gap-1783861844 {\n  padding-top: 10px;\n}\n<\/style>\n\t<\/div>\n\t\n\t<div id=\"text-3287670655\" class=\"text\">\n\t\t\n<ul>\n<li>\n<p style=\"text-align: left;\"><span style=\"font-weight: 400;\">Vila Zelenjak &#8211; Ventek, HR<\/span><\/p>\n<\/li>\n<li style=\"text-align: left;\">\n<p><span style=\"font-weight: 400;\">Kod Starog, Kumrovec, HR<\/span><\/p>\n<\/li>\n<li style=\"text-align: left;\">\n<p><span style=\"font-weight: 400;\">Kozjanski dvor, Kozje<\/span><\/p>\n<\/li>\n<li style=\"text-align: left;\">\n<p><span style=\"font-weight: 400;\">Gostilna Kocjan, Bizeljsko<\/span><\/p>\n<\/li>\n<li style=\"text-align: left;\">\n<p><span style=\"font-weight: 400;\">Restavracija Haler, Olimje<\/span><\/p>\n<\/li>\n<li style=\"text-align: left;\">\n<p><span style=\"font-weight: 400;\">Jelenov Greben, Olimje<\/span><\/p>\n<\/li>\n<li style=\"text-align: left;\">\n<p><span style=\"font-weight: 400;\">Restavracija Amon, Olimje<\/span><\/p>\n<\/li>\n<li style=\"text-align: left;\">\n<p style=\"text-align: left;\"><span style=\"font-weight: 400;\">Gosti\u0161\u010de Lipa, Pod\u010detrtek<\/span><\/p>\n<\/li>\n<\/ul>\n\t\t\n<style>\n#text-3287670655 {\n  font-size: 1rem;\n}\n<\/style>\n\t<\/div>\n\t\n\t\t<\/div>\n\t\t\t\t\t<\/div>\n\n\t\n\n\t<div id=\"col-955215977\" class=\"col medium-6 small-12 large-3\"  >\n\t\t\t\t<div class=\"col-inner\"  >\n\t\t\t\n\t\t\t\n\t<div id=\"text-3307539081\" class=\"text\">\n\t\t\n<h3 style=\"text-align: left;\"><span style=\"text-decoration: underline;\">In der N\u00e4he:<\/span><\/h3>\n\t\t\n<style>\n#text-3307539081 {\n  color: rgb(255, 255, 255);\n}\n#text-3307539081 > * {\n  color: rgb(255, 255, 255);\n}\n<\/style>\n\t<\/div>\n\t\n\t<div id=\"gap-775949794\" class=\"gap-element clearfix\" style=\"display:block; height:auto;\">\n\t\t\n<style>\n#gap-775949794 {\n  padding-top: 10px;\n}\n<\/style>\n\t<\/div>\n\t\n<ul>\n<li>Schmiedemuseum Kunej Bojan<\/li>\n<li>Schie\u00dfstand f\u00fcr Tontaubenschie\u00dfen Kramer<\/li>\n<li>Altes Kravari\u010d Haus<\/li>\n<li>Museum Altes Dorf Kumrovec<\/li>\n<li>Naturdenkmal Bistrica Schlucht<\/li>\n<li>Lehrpfad zu Maria Schnee und die Schlucht Zelenjak mit dem Pfad zwischen den B\u00e4umen<\/li>\n<li>Wallfahrtsort Heiliger Berg<\/li>\n<li>Ruinen der Burg Kun\u0161perk<\/li>\n<\/ul>\n\t\t<\/div>\n\t\t\t\t\t<\/div>\n\n\t\n\n\t<div id=\"col-1434345226\" class=\"col medium-6 small-12 large-3\"  >\n\t\t\t\t<div class=\"col-inner\"  >\n\t\t\t\n\t\t\t\n\t<div id=\"text-671954956\" class=\"text\">\n\t\t\n<h3 style=\"text-align: left;\"><span style=\"text-decoration: underline;\">Thermen in unserer Umgebung:<\/span><\/h3>\n\t\t\n<style>\n#text-671954956 {\n  color: rgb(255, 255, 255);\n}\n#text-671954956 > * {\n  color: rgb(255, 255, 255);\n}\n<\/style>\n\t<\/div>\n\t\n\t<div id=\"gap-1700281668\" class=\"gap-element clearfix\" style=\"display:block; height:auto;\">\n\t\t\n<style>\n#gap-1700281668 {\n  padding-top: 10px;\n}\n<\/style>\n\t<\/div>\n\t\n<ul>\n<li>Therme Olimia (Aqualuna) \u2013 15 km<\/li>\n<li>Therme Tuhelj \u2013 14 km<\/li>\n<li>Therme \u010cate\u017e \u2013 27 km<\/li>\n<li>Therme Paradiso \u2013 25 km<\/li>\n<li>Therme Roga\u0161ka Slatina \u2013 28 km<\/li>\n<li>Krapinske Toplice \u2013 24 km<\/li>\n<\/ul>\n\t\t<\/div>\n\t\t\t\t\t<\/div>\n\n\t\n\n\t<div id=\"col-1313141335\" class=\"col medium-6 small-12 large-3\"  >\n\t\t\t\t<div class=\"col-inner\"  >\n\t\t\t\n\t\t\t\n\t<div id=\"text-149366468\" class=\"text\">\n\t\t\n<h3 style=\"text-align: left;\"><span style=\"text-decoration: underline;\"><b>Landschaftliche  Sehensw\u00fcrdigkeiten:<\/b><\/span><\/h3>\n\t\t\n<style>\n#text-149366468 {\n  color: rgb(255, 255, 255);\n}\n#text-149366468 > * {\n  color: rgb(255, 255, 255);\n}\n<\/style>\n\t<\/div>\n\t\n\t<div id=\"gap-1280882296\" class=\"gap-element clearfix\" style=\"display:block; height:auto;\">\n\t\t\n<style>\n#gap-1280882296 {\n  padding-top: 10px;\n}\n<\/style>\n\t<\/div>\n\t\n<ul>\n<li>Kozjanski park<\/li>\n<li>Repnice Najger<\/li>\n<li>Bistrica Schlucht &#8211; Pri\u0161jek<\/li>\n<\/ul>\n\t\t<\/div>\n\t\t\t\t\t<\/div>\n\n\t\n\n\t<div id=\"col-1657660410\" class=\"col medium-6 small-12 large-3\"  >\n\t\t\t\t<div class=\"col-inner\"  >\n\t\t\t\n\t\t\t\n\t<div id=\"text-248490303\" class=\"text\">\n\t\t\n<h3 style=\"text-align: left;\"><span style=\"text-decoration: underline;\"><b>Schl\u00f6sser:<\/b><\/span><\/h3>\n\t\t\n<style>\n#text-248490303 {\n  color: rgb(255, 255, 255);\n}\n#text-248490303 > * {\n  color: rgb(255, 255, 255);\n}\n<\/style>\n\t<\/div>\n\t\n\t<div id=\"gap-12467296\" class=\"gap-element clearfix\" style=\"display:block; height:auto;\">\n\t\t\n<style>\n#gap-12467296 {\n  padding-top: 10px;\n}\n<\/style>\n\t<\/div>\n\t\n<ul>\n<li style=\"text-align: left;\"><span style=\"font-weight: 400;\">Podsreda<\/span><\/li>\n<li style=\"text-align: left;\"><span style=\"font-weight: 400;\">Brestanica<\/span><\/li>\n<li style=\"text-align: left;\"><span style=\"font-weight: 400;\">Sevnica<\/span><\/li>\n<li style=\"text-align: left;\"><span style=\"font-weight: 400;\">Bre\u017eice<\/span><\/li>\n<li style=\"text-align: left;\"><span style=\"font-weight: 400;\">Pod\u010detrtek<\/span><\/li>\n<li style=\"text-align: left;\">Ore\u0161je<\/li>\n<li style=\"text-align: left;\">Pi\u0161ece<\/li>\n<li style=\"text-align: left;\">Deseni\u010d (Veronika Deseni\u0161ka)<\/li>\n<\/ul>\n\t\t<\/div>\n\t\t\t\t\t<\/div>\n\n\t\n\n\t<div id=\"col-121810305\" class=\"col medium-6 small-12 large-3\"  >\n\t\t\t\t<div class=\"col-inner\"  >\n\t\t\t\n\t\t\t\n\t<div id=\"text-3881825001\" class=\"text\">\n\t\t\n<h3 style=\"text-align: left;\"><span style=\"text-decoration: underline;\"><b>Aussichtspunkte und T\u00fcrme:<\/b><\/span><\/h3>\n\t\t\n<style>\n#text-3881825001 {\n  color: rgb(255, 255, 255);\n}\n#text-3881825001 > * {\n  color: rgb(255, 255, 255);\n}\n<\/style>\n\t<\/div>\n\t\n\t<div id=\"gap-736982812\" class=\"gap-element clearfix\" style=\"display:block; height:auto;\">\n\t\t\n<style>\n#gap-736982812 {\n  padding-top: 10px;\n}\n<\/style>\n\t<\/div>\n\t\n<ul>\n<li style=\"text-align: left;\"><span style=\"font-weight: 400;\">Rudnica, Pod\u010detrtek<\/span><\/li>\n<li style=\"text-align: left;\">Liebesturm, \u017dusem<\/li>\n<\/ul>\n\t\t<\/div>\n\t\t\t\t\t<\/div>\n\n\t\n\n\t<div id=\"col-862407393\" class=\"col medium-6 small-12 large-3\"  >\n\t\t\t\t<div class=\"col-inner\"  >\n\t\t\t\n\t\t\t\n\t<div id=\"text-3014539601\" class=\"text\">\n\t\t\n<h3 style=\"text-align: left;\"><span style=\"text-decoration: underline;\"><b>Liebesb\u00e4nke:<\/b><\/span><\/h3>\n\t\t\n<style>\n#text-3014539601 {\n  color: rgb(255, 255, 255);\n}\n#text-3014539601 > * {\n  color: rgb(255, 255, 255);\n}\n<\/style>\n\t<\/div>\n\t\n\t<div id=\"gap-1764369251\" class=\"gap-element clearfix\" style=\"display:block; height:auto;\">\n\t\t\n<style>\n#gap-1764369251 {\n  padding-top: 10px;\n}\n<\/style>\n\t<\/div>\n\t\n<ul>\n<li style=\"text-align: left;\"><span style=\"font-weight: 400;\">Sv. Ema<\/span><\/li>\n<li style=\"text-align: left;\">Vetrnik<\/li>\n<\/ul>\n\t\t<\/div>\n\t\t\t\t\t<\/div>\n\n\t\n\n\t<div id=\"col-1160172476\" class=\"col medium-6 small-12 large-3\"  >\n\t\t\t\t<div class=\"col-inner\"  >\n\t\t\t\n\t\t\t\n\t<div id=\"text-3412144560\" class=\"text\">\n\t\t\n<h3 style=\"text-align: left;\"><span style=\"text-decoration: underline;\"><b>Wasserf\u00e4lle und Quellen:<\/b><\/span><\/h3>\n\t\t\n<style>\n#text-3412144560 {\n  color: rgb(255, 255, 255);\n}\n#text-3412144560 > * {\n  color: rgb(255, 255, 255);\n}\n<\/style>\n\t<\/div>\n\t\n\t<div id=\"gap-436841488\" class=\"gap-element clearfix\" style=\"display:block; height:auto;\">\n\t\t\n<style>\n#gap-436841488 {\n  padding-top: 10px;\n}\n<\/style>\n\t<\/div>\n\t\n<ul>\n<li>Quelle Treb\u010dica<\/li>\n<li>Davjek in Dekmanca<\/li>\n<li>Gruska H\u00f6hle<\/li>\n<li>Jurklo\u0161ter (Gra\u010dnica)<\/li>\n<li>Bohor<\/li>\n<li>Feld bei Sotli<\/li>\n<li>Zagorje<\/li>\n<li>M\u00fchle Kukovi\u010di\u010d<\/li>\n<\/ul>\n\t\t<\/div>\n\t\t\t\t\t<\/div>\n\n\t\n\n\t<div id=\"col-1484139539\" class=\"col medium-6 small-12 large-3\"  >\n\t\t\t\t<div class=\"col-inner\"  >\n\t\t\t\n\t\t\t\n\t<div id=\"text-3915407178\" class=\"text\">\n\t\t\n<h3 style=\"text-align: left;\"><span style=\"text-decoration: underline;\"><b>Wallfahrtskirchen:<\/b><\/span><\/h3>\n\t\t\n<style>\n#text-3915407178 {\n  color: rgb(255, 255, 255);\n}\n#text-3915407178 > * {\n  color: rgb(255, 255, 255);\n}\n<\/style>\n\t<\/div>\n\t\n\t<div id=\"gap-323925449\" class=\"gap-element clearfix\" style=\"display:block; height:auto;\">\n\t\t\n<style>\n#gap-323925449 {\n  padding-top: 10px;\n}\n<\/style>\n\t<\/div>\n\t\n<ul>\n<li>Heiliger Berg<\/li>\n<li>Kloster Olimje<\/li>\n<li>S\u00fc\u00dfer Berg<\/li>\n<li>Kartause \u017di\u010de<\/li>\n<li>St. Rok, \u0160marje pri Jel\u0161ah<\/li>\n<li>Kathedrale Brestanica<\/li>\n<\/ul>\n\t\t<\/div>\n\t\t\t\t\t<\/div>\n\n\t\n\n\t<div id=\"col-494604863\" class=\"col medium-6 small-12 large-3\"  >\n\t\t\t\t<div class=\"col-inner\"  >\n\t\t\t\n\t\t\t\n\t<div id=\"text-1281640159\" class=\"text\">\n\t\t\n<h3 style=\"text-align: left;\"><span style=\"text-decoration: underline;\"><b>Wallfahrtsweg:<\/b><\/span><\/h3>\n\t\t\n<style>\n#text-1281640159 {\n  color: rgb(255, 255, 255);\n}\n#text-1281640159 > * {\n  color: rgb(255, 255, 255);\n}\n<\/style>\n\t<\/div>\n\t\n\t<div id=\"gap-834741212\" class=\"gap-element clearfix\" style=\"display:block; height:auto;\">\n\t\t\n<style>\n#gap-834741212 {\n  padding-top: 10px;\n}\n<\/style>\n\t<\/div>\n\t\n<ul>\n<li>Weg der Heiligen Ema<\/li>\n<li>Jakobsweg<\/li>\n<li>Slom\u0161ek-Weg<\/li>\n<\/ul>\n\t\t<\/div>\n\t\t\t\t\t<\/div>\n\n\t\n\n\t<div id=\"col-1803557812\" class=\"col medium-6 small-12 large-3\"  >\n\t\t\t\t<div class=\"col-inner\"  >\n\t\t\t\n\t\t\t\n\t<div id=\"text-3379483776\" class=\"text\">\n\t\t\n<h3 style=\"text-align: left;\"><span style=\"text-decoration: underline;\"><b>Gr\u00f6\u00dfere St\u00e4dte und Flugh\u00e4fen in der N\u00e4he:<\/b><\/span><\/h3>\n\t\t\n<style>\n#text-3379483776 {\n  color: rgb(255, 255, 255);\n}\n#text-3379483776 > * {\n  color: rgb(255, 255, 255);\n}\n<\/style>\n\t<\/div>\n\t\n\t<div id=\"gap-1479071221\" class=\"gap-element clearfix\" style=\"display:block; height:auto;\">\n\t\t\n<style>\n#gap-1479071221 {\n  padding-top: 10px;\n}\n<\/style>\n\t<\/div>\n\t\n<ul>\n<li>Celje \u2013 50 km<\/li>\n<li>Ptuj \u2013 60 km<\/li>\n<li>Zagreb (HR) \u2013 60 km (Flughafen)<\/li>\n<li>Maribor \u2013 70 km (Flughafen)<\/li>\n<li>Ljubljana \u2013 120 km (Flughafen)<\/li>\n<li>Graz (AT) \u2013 130 km (Flughafen)<\/li>\n<li>Triest (IT) \u2013 220 km<\/li>\n<li>Wien (AT) \u2013 320 km (Flughafen)<\/li>\n<li>Venedig (IT) \u2013 360 km (Flughafen)<\/li>\n<\/ul>\n\t\t<\/div>\n\t\t\t\t\n<style>\n#col-1803557812 > .col-inner {\n  margin: 0px 0px -12px 0px;\n}\n<\/style>\n\t<\/div>\n\n\t\n\n<style>\n#row-1195756721 > .col > .col-inner {\n  padding: 28px 10% 22px 10%;\n  background-color: rgba(13, 13, 13, 0.762);\n}\n<\/style>\n<\/div>\n\t\t<\/div>\n\n\t\t\n<style>\n#section_635158646 {\n  padding-top: 20px;\n  padding-bottom: 20px;\n}\n#section_635158646 .section-bg-overlay {\n  background-color: rgba(0, 0, 0, 0);\n}\n#section_635158646 .section-bg img {\n  object-position: 82% 57%;\n}\n@media (min-width:550px) {\n  #section_635158646 {\n    padding-top: 28px;\n    padding-bottom: 28px;\n  }\n}\n@media (min-width:850px) {\n  #section_635158646 {\n    padding-top: 74px;\n    padding-bottom: 74px;\n  }\n}\n<\/style>\n\t<\/section>\n\t\n","protected":false},"excerpt":{"rendered":"","protected":false},"author":1,"featured_media":0,"parent":0,"menu_order":0,"comment_status":"closed","ping_status":"closed","template":"page-blank.php","meta":{"footnotes":""},"class_list":["post-5319","page","type-page","status-publish","hentry"],"_links":{"self":[{"href":"https:\/\/marof.net\/de\/wp-json\/wp\/v2\/pages\/5319","targetHints":{"allow":["GET"]}}],"collection":[{"href":"https:\/\/marof.net\/de\/wp-json\/wp\/v2\/pages"}],"about":[{"href":"https:\/\/marof.net\/de\/wp-json\/wp\/v2\/types\/page"}],"author":[{"embeddable":true,"href":"https:\/\/marof.net\/de\/wp-json\/wp\/v2\/users\/1"}],"replies":[{"embeddable":true,"href":"https:\/\/marof.net\/de\/wp-json\/wp\/v2\/comments?post=5319"}],"version-history":[{"count":0,"href":"https:\/\/marof.net\/de\/wp-json\/wp\/v2\/pages\/5319\/revisions"}],"wp:attachment":[{"href":"https:\/\/marof.net\/de\/wp-json\/wp\/v2\/media?parent=5319"}],"curies":[{"name":"wp","href":"https:\/\/api.w.org\/{rel}","templated":true}]}}