{"id":5335,"date":"2023-06-13T04:18:11","date_gmt":"2023-06-13T04:18:11","guid":{"rendered":"https:\/\/marof.net\/kmecki-turizem-marof\/"},"modified":"2024-03-23T13:09:40","modified_gmt":"2024-03-23T13:09:40","slug":"uber-uns-marof","status":"publish","type":"page","link":"https:\/\/marof.net\/de\/uber-uns-marof\/","title":{"rendered":"Der Familienbauernhof Marof &#8211; Uber uns"},"content":{"rendered":"\n\t<section class=\"section dark\" id=\"section_739642995\">\n\t\t<div class=\"section-bg fill\" >\n\t\t\t<img loading=\"lazy\" decoding=\"async\" width=\"2550\" height=\"700\" src=\"https:\/\/marof.net\/wp-content\/uploads\/2023\/12\/kmecki-turizem-marof-00043.webp\" class=\"bg attachment-original size-original\" alt=\"Kme\u010dki turizem Marof - pono\u010di\" \/>\t\t\t\t\t\t<div class=\"section-bg-overlay absolute fill\"><\/div>\n\t\t\t\n\n\t\t<\/div>\n\n\t\t\n\n\t\t<div class=\"section-content relative\">\n\t\t\t\n<div class=\"row row-collapse align-bottom\"  id=\"row-427554031\">\n\n\t<div id=\"col-1640832086\" class=\"col medium-12 small-12 large-12\"  >\n\t\t\t\t<div class=\"col-inner text-left\"  >\n\t\t\t\n\t\t\t\n\t<div id=\"text-2714656797\" class=\"text\">\n\t\t\n<h1>Der Familienbauernhof MAROF<\/h1>\n\t\t\n<style>\n#text-2714656797 {\n  font-size: 1.3rem;\n}\n@media (min-width:550px) {\n  #text-2714656797 {\n    font-size: 2rem;\n  }\n}\n<\/style>\n\t<\/div>\n\t\n\t<div id=\"text-3150460291\" class=\"text\">\n\t\t\n<p><strong>Der Familienbauernhof Marof \u00a0liegt im h\u00fcbschen Dorf Bistrica ob Sotli, im Gebiet des Kozjansko, einem Natura 2000 Schutzgebiet, diesem sonnigen, naturbelassenen H\u00fcgelland in der N\u00e4he von Thermalb\u00e4dern<\/strong>.Das Weingut und die neuen, modern ausgestatteten Apartments mit Wellnessbereich befinden sich in einer ruhigen Umgebung inmitten von Gr\u00fcn. Alle, die Ruhe und Entspannung suchen, sind hier ebenso am richtigen Platz wie G\u00e4ste, die sanfte Aktivit\u00e4ten in der n\u00e4heren Umgebung suchen.<\/p>\n\t\t\n<style>\n#text-3150460291 {\n  font-size: 1rem;\n}\n@media (min-width:550px) {\n  #text-3150460291 {\n    font-size: 1.2rem;\n  }\n}\n<\/style>\n\t<\/div>\n\t\n\t\t<\/div>\n\t\t\t\t\n<style>\n#col-1640832086 > .col-inner {\n  padding: 0px 5% 0px 5%;\n  margin: 115px 0px 0px 0px;\n}\n@media (min-width:550px) {\n  #col-1640832086 > .col-inner {\n    padding: 0px 20px 0px 20px;\n    margin: 206px 0px 0px 0px;\n  }\n}\n@media (min-width:850px) {\n  #col-1640832086 > .col-inner {\n    padding: 0px 0px 0px 0px;\n    margin: 32vh 0px 0px 0px;\n  }\n}\n<\/style>\n\t<\/div>\n\n\t\n<\/div>\n\t\t<\/div>\n\n\t\t\n<style>\n#section_739642995 {\n  padding-top: 30px;\n  padding-bottom: 30px;\n  min-height: 72vh;\n}\n#section_739642995 .section-bg-overlay {\n  background-color: rgba(0, 0, 0, 0.343);\n}\n#section_739642995 .section-bg img {\n  object-position: 86% 93%;\n}\n@media (min-width:550px) {\n  #section_739642995 {\n    min-height: 45vh;\n  }\n}\n@media (min-width:850px) {\n  #section_739642995 {\n    min-height: 55vh;\n  }\n}\n<\/style>\n\t<\/section>\n\t\n\n\t<section class=\"section\" id=\"section_484413952\">\n\t\t<div class=\"section-bg fill\" >\n\t\t\t\t\t\t\t\t\t\n\t\t\t\n\n\t\t<\/div>\n\n\t\t\n\n\t\t<div class=\"section-content relative\">\n\t\t\t\n\t<div id=\"gap-1224887591\" class=\"gap-element clearfix\" style=\"display:block; height:auto;\">\n\t\t\n<style>\n#gap-1224887591 {\n  padding-top: 21px;\n}\n<\/style>\n\t<\/div>\n\t\n<div class=\"row row-collapse row-full-width align-middle\"  id=\"row-1392280545\">\n\n\t<div id=\"col-1682086516\" class=\"col medium-12 small-12 large-6\"  >\n\t\t\t\t<div class=\"col-inner\"  >\n\t\t\t\n\t\t\t\n\n  <div class=\"banner has-hover\" id=\"banner-271212040\">\n          <div class=\"banner-inner fill\">\n        <div class=\"banner-bg fill\" >\n            <img loading=\"lazy\" decoding=\"async\" width=\"950\" height=\"720\" src=\"https:\/\/marof.net\/wp-content\/uploads\/2023\/12\/kmecki-trurizem-marof-00545.webp\" class=\"bg attachment-original size-original\" alt=\"Kme\u010dki turizem Marof - Simon Rogina\" \/>                                    \n                    <\/div>\n\t\t\n        <div class=\"banner-layers container\">\n            <div class=\"fill banner-link\"><\/div>            \n   <div id=\"text-box-11206313\" class=\"text-box banner-layer x50 md-x50 lg-x50 y50 md-y50 lg-y50 res-text\">\n                                <div class=\"text-box-content text dark\">\n              \n              <div class=\"text-inner text-center\">\n                  \n              <\/div>\n           <\/div>\n                            \n<style>\n#text-box-11206313 {\n  width: 60%;\n}\n#text-box-11206313 .text-box-content {\n  font-size: 100%;\n}\n<\/style>\n    <\/div>\n \n        <\/div>\n      <\/div>\n\n            \n<style>\n#banner-271212040 {\n  padding-top: 32vh;\n  background-color: rgb(255, 255, 255);\n}\n#banner-271212040 .banner-bg img {\n  object-position: 5% 66%;\n}\n@media (min-width:550px) {\n  #banner-271212040 {\n    padding-top: 42vh;\n  }\n}\n@media (min-width:850px) {\n  #banner-271212040 {\n    padding-top: 66em;\n  }\n}\n<\/style>\n  <\/div>\n\n\n<div class=\"row row-small align-middle align-center hide-for-small\"  id=\"row-1678219344\">\n\n\t<div id=\"col-1665419557\" class=\"col medium-4 small-12 large-4\"  >\n\t\t\t\t<div class=\"col-inner\"  >\n\t\t\t\n\t\t\t\n<a href=\"\/vino\/\" class=\"button primary is-outline lowercase reveal-icon expand\" style=\"padding:10px 3em 10px 3em;\">\n\t\t<span>Vino<\/span>\n\t<i class=\"icon-angle-right\" aria-hidden=\"true\"><\/i><\/a>\n\n\t\t<\/div>\n\t\t\t\t\t<\/div>\n\n\t\n\n\t<div id=\"col-1011078700\" class=\"col medium-4 small-12 large-4\"  >\n\t\t\t\t<div class=\"col-inner\"  >\n\t\t\t\n\t\t\t\n<a href=\"\/apartmaji\/\" class=\"button primary lowercase reveal-icon expand\" style=\"padding:10px 3em 10px 3em;\">\n\t\t<span>Apartmaji<\/span>\n\t<i class=\"icon-angle-right\" aria-hidden=\"true\"><\/i><\/a>\n\n\t\t<\/div>\n\t\t\t\t\t<\/div>\n\n\t\n\n\t<div id=\"col-1787961218\" class=\"col medium-4 small-12 large-4\"  >\n\t\t\t\t<div class=\"col-inner\"  >\n\t\t\t\n\t\t\t\n<a href=\"\/wellness\/\" class=\"button primary is-outline lowercase reveal-icon expand\" style=\"padding:10px 3em 10px 3em;\">\n\t\t<span>Wellness<\/span>\n\t<i class=\"icon-angle-right\" aria-hidden=\"true\"><\/i><\/a>\n\n\t\t<\/div>\n\t\t\t\t\t<\/div>\n\n\t\n<\/div>\n<div class=\"row row-collapse align-middle align-center show-for-small\"  id=\"row-831676063\">\n\n\t<div id=\"col-1607741186\" class=\"col medium-4 small-12 large-4\"  >\n\t\t\t\t<div class=\"col-inner\"  >\n\t\t\t\n\t\t\t\n<a href=\"\/vino\/\" class=\"button primary is-outline lowercase reveal-icon expand\" style=\"padding:10px 3em 10px 3em;\">\n\t\t<span>Vino<\/span>\n\t<i class=\"icon-angle-right\" aria-hidden=\"true\"><\/i><\/a>\n\n\t\t<\/div>\n\t\t\t\t\n<style>\n#col-1607741186 > .col-inner {\n  margin: 20px 0px 0px 0px;\n}\n<\/style>\n\t<\/div>\n\n\t\n\n\t<div id=\"col-477961459\" class=\"col medium-4 small-12 large-4\"  >\n\t\t\t\t<div class=\"col-inner\"  >\n\t\t\t\n\t\t\t\n<a href=\"\/apartmaji\/\" class=\"button primary lowercase reveal-icon expand\" style=\"padding:10px 3em 10px 3em;\">\n\t\t<span>Apartmaji<\/span>\n\t<i class=\"icon-angle-right\" aria-hidden=\"true\"><\/i><\/a>\n\n\t\t<\/div>\n\t\t\t\t\t<\/div>\n\n\t\n\n\t<div id=\"col-1117090524\" class=\"col medium-4 small-12 large-4\"  >\n\t\t\t\t<div class=\"col-inner\"  >\n\t\t\t\n\t\t\t\n<a href=\"\/wellness\/\" class=\"button primary is-outline lowercase reveal-icon expand\" style=\"padding:10px 3em 10px 3em;\">\n\t\t<span>Wellness<\/span>\n\t<i class=\"icon-angle-right\" aria-hidden=\"true\"><\/i><\/a>\n\n\t\t<\/div>\n\t\t\t\t\n<style>\n#col-1117090524 > .col-inner {\n  margin: 0px 0px 32px 0px;\n}\n<\/style>\n\t<\/div>\n\n\t\n<\/div>\n\t\t<\/div>\n\t\t\t\t\n<style>\n#col-1682086516 > .col-inner {\n  padding: 0px 2% 0px 2%;\n}\n@media (min-width:550px) {\n  #col-1682086516 > .col-inner {\n    padding: 0px 2% 0px 2%;\n  }\n}\n@media (min-width:850px) {\n  #col-1682086516 > .col-inner {\n    padding: 0px 0px 0px 15%;\n  }\n}\n<\/style>\n\t<\/div>\n\n\t\n\n\t<div id=\"col-1104579140\" class=\"col medium-12 small-12 large-6 medium-col-first\"  >\n\t\t\t\t<div class=\"col-inner\"  >\n\t\t\t\n\t\t\t\n\t<div id=\"text-4067641735\" class=\"text\">\n\t\t\n<h2>Der Familienbauernhof MAROF &#8211; \u00fcber uns<\/h2>\n\t\t\n<style>\n#text-4067641735 {\n  font-size: 1.6rem;\n}\n<\/style>\n\t<\/div>\n\t\n\t<div id=\"text-2488129881\" class=\"text\">\n\t\t\n<p><strong>Unser Bauernhof befindet sich in unmittelbarer N\u00e4he des h\u00fcbschen Dorfes Bistrica ob Sotli, in der N\u00e4he des Zusammenflusses der gleichnamigen Fl\u00fcsse Bistrica und Sotla.<\/strong><\/p>\n<p>Der Bauernhof \u00a0MAROF ist von Feldern und Wiesen umgeben, die auf der einen Seite schnell in die bewaldeten H\u00e4nge von Orlica \u00fcbergehen und auf der anderen Seite in die malerische Landschaft des unber\u00fchrten Kozjansko mit seinen Weinbergen. Es ist kein Zufall, dass der Standort des Bauernhofs bereits in der Zeit der Grafen von Kun\u0161perk im Mittelalter als Schlossspeicher, Getreidespeicher und Scheune ausgew\u00e4hlt wurde, wie es die noch heute erhaltenen dicken Steinmauern der Geb\u00e4ude bezeugen.<\/p>\n<p><strong>Weinbau ist seit jeher eine Familientradition<\/strong>, obwohl vorherige Generationen sich auch in kleinerem Umfang mit gemischter Landwirtschaft besch\u00e4ftigten. Der Hof war schon immer unter dem Hausnamen \u201eMarof\u201c bekannt und alle kennen uns als \u201edie Marofs\u201c.<\/p>\n<p><strong>Auf Marof leben jetzt drei Generationen: Oma Pepca, Sohn Simon mit Partnerin Nika und ihren T\u00f6chtern Kaja, Ana und Sonja.<\/strong><\/p>\n<p><strong>In unseren eigenen Weinbergen und im Weinkeller produzieren, reifen und f\u00fcllen wir mit viel Liebe und Handarbeit Spitzenweine ab.<\/strong> Die Weinberge an zwei nahen Standorten umfassen siebentausend Rebst\u00f6cke verschiedener Sorten, haupts\u00e4chlich Sauvignon, Gelber Muskateller und Blaufr\u00e4nkisch. Die \u00d6nologie und Kellerkunst sind die Leidenschaft und auch der Beruf von Simon, dem Sohn und Hoferben, der unter anderem langj\u00e4hrige Erfahrungen in der Leitung eines gro\u00dfen Weinguts im Ausland hat.<\/p>\n<p><strong>So bieten wir in unserem Sortiment Spitzenwei\u00df- und Rotweine sowie Schaumweine an, die sich durch Frische und Mineralit\u00e4t auszeichnen. Einige Weine werden durch die Reifung in Barrique-F\u00e4ssern veredelt.<\/strong><\/p>\n<p>Der Bauernhof\u00a0 MAROF umfasst auch einige Wiesen, W\u00e4lder und Felder, auf denen wir Getreide und K\u00fcrbisse zur Gewinnung von K\u00fcrbiskernen und -\u00f6l anbauen. Vor allem der weibliche Teil der Familie genie\u00dft das G\u00e4rtnern und die Besch\u00e4ftigung mit Kr\u00e4utern.<\/p>\n<p>Auf dem Hof d\u00fcrfen nat\u00fcrlich auch tierische Begleiter nicht fehlen: die unverzichtbare H\u00fcndin Lili und die Hauskatzen, die allen Familienmitgliedern Freude bereiten.<\/p>\n<p><strong>Der Bauernhof\u00a0 MAROF bietet vier neue, ger\u00e4umige Apartments mit sch\u00f6ner Aussicht, Wellness mit Sauna, Jacuzzi und Massagen an.<\/strong><\/p>\n<p>Wir m\u00f6chten unseren G\u00e4sten einen authentischen Kontakt mit dem ruhigen Lebensrhythmus des Landes bieten.<\/p>\n<p><strong>Durch die nat\u00fcrlichen und kulturellen Sch\u00f6nheiten, die heimische K\u00fcche und andere Erlebnisse in unserer Umgebung k\u00f6nnen Sie zu sich selbst finden, tiefe Entspannung erreichen und vielleicht einen neuen Funken in Ihrem Leben entdecken.<\/strong><\/p>\n\t\t\n<style>\n#text-2488129881 {\n  font-size: 1rem;\n}\n@media (min-width:550px) {\n  #text-2488129881 {\n    font-size: 1.1rem;\n  }\n}\n<\/style>\n\t<\/div>\n\t\n\t\t<\/div>\n\t\t\t\t\n<style>\n#col-1104579140 > .col-inner {\n  padding: 14px 2% 0px 2%;\n}\n@media (min-width:550px) {\n  #col-1104579140 > .col-inner {\n    padding: 0px 2% 0px 2%;\n  }\n}\n@media (min-width:850px) {\n  #col-1104579140 > .col-inner {\n    padding: 0px 14% 0px 7%;\n  }\n}\n<\/style>\n\t<\/div>\n\n\t\n<\/div>\n\t\t<\/div>\n\n\t\t\n<style>\n#section_484413952 {\n  padding-top: 0px;\n  padding-bottom: 0px;\n  background-color: rgb(255, 255, 255);\n}\n@media (min-width:550px) {\n  #section_484413952 {\n    padding-top: 17px;\n    padding-bottom: 17px;\n  }\n}\n@media (min-width:850px) {\n  #section_484413952 {\n    padding-top: 86px;\n    padding-bottom: 86px;\n  }\n}\n<\/style>\n\t<\/section>\n\t\n\n\t<section class=\"section\" id=\"section_149788013\">\n\t\t<div class=\"section-bg fill\" >\n\t\t\t\t\t\t\t\t\t\n\t\t\t\n\n\t\t<\/div>\n\n\t\t\n\n\t\t<div class=\"section-content relative\">\n\t\t\t\n<div class=\"row row-collapse row-full-width align-middle\"  id=\"row-695935357\">\n\n\t<div id=\"col-540122689\" class=\"col medium-12 small-12 large-6\"  >\n\t\t\t\t<div class=\"col-inner\"  >\n\t\t\t\n\t\t\t\n\t<div id=\"text-787531867\" class=\"text\">\n\t\t\n<h2>Bauernhof  MAROF \u2013 im Einklang mit der Natur<\/h2>\n\t\t\n<style>\n#text-787531867 {\n  font-size: 1.6rem;\n}\n<\/style>\n\t<\/div>\n\t\n\t<div id=\"text-1669696303\" class=\"text\">\n\t\t\n<p><strong>Ein verantwortungsvoller Umgang mit Menschen, Tieren und der Natur.<\/strong><\/p>\n<p>Von Generation zu Generation versuchen wir,ein lebenswertes Ambiente zu schaffen, so dass wir generations\u00fcbergreifenden Respekt, Zusammenarbeit, gesellschaftliches Engagement und einen respektvollen Umgang mit Tieren pflegen.<\/p>\n<p>Wir m\u00f6chten den Verbrauch von Plastikverpackungen reduzieren: F\u00fcr das Service von Speisen und Getr\u00e4nken verwenden wir nachhaltige Materialien und Mehrwegmaterialien.<\/p>\n<p>Wir trennen Abf\u00e4lle, einschlie\u00dflich der Lebensmittelabf\u00e4lle, und versuchen, so viel wie m\u00f6glich zu kompostieren.<\/p>\n<p>Wir verwenden saisonale, eigene oder regionale und \u00f6kologische Produkte; dadurch reduzieren wir den \u00a0CO<sub>2<\/sub>-Fu\u00dfabdruck, den Energieverbrauch und tragen zum Erhalt von Arbeitspl\u00e4tzen bei und nutzen eigene Ressourcen.<\/p>\n<p>Wir achten auf die Hygiene beim Wohnen und bei den Lebensmitteln und sorgen f\u00fcr einen gro\u00dfen Anteil an nat\u00fcrlichem Licht.<\/p>\n<p><strong>Energieeffizientes Heizen: Verwendung eigener Biomasse zum Heizen, au\u00dferdem Sonnenkollektoren und W\u00e4rmepumpen f\u00fcr Warmwasser<\/strong>.<\/p>\n<p>\u00a0<\/p>\n\t\t\n<style>\n#text-1669696303 {\n  font-size: 1rem;\n}\n@media (min-width:550px) {\n  #text-1669696303 {\n    font-size: 1.1rem;\n  }\n}\n<\/style>\n\t<\/div>\n\t\n\t\t<\/div>\n\t\t\t\t\n<style>\n#col-540122689 > .col-inner {\n  padding: 0px 2% 0px 2%;\n}\n@media (min-width:550px) {\n  #col-540122689 > .col-inner {\n    padding: 0px 2% 0px 2%;\n  }\n}\n@media (min-width:850px) {\n  #col-540122689 > .col-inner {\n    padding: 0px 7% 0px 14%;\n  }\n}\n<\/style>\n\t<\/div>\n\n\t\n\n\t<div id=\"col-614854138\" class=\"col medium-12 small-12 large-6\"  >\n\t\t\t\t<div class=\"col-inner\"  >\n\t\t\t\n\t\t\t\n\n  <div class=\"banner has-hover\" id=\"banner-1889132133\">\n          <div class=\"banner-inner fill\">\n        <div class=\"banner-bg fill\" >\n            <img loading=\"lazy\" decoding=\"async\" width=\"1060\" height=\"720\" src=\"https:\/\/marof.net\/wp-content\/uploads\/2023\/12\/kmecki-turizem-marof-02.webp\" class=\"bg attachment-original size-original\" alt=\"\" \/>                                    \n                    <\/div>\n\t\t\n        <div class=\"banner-layers container\">\n            <div class=\"fill banner-link\"><\/div>            \n   <div id=\"text-box-2119697855\" class=\"text-box banner-layer x50 md-x50 lg-x50 y50 md-y50 lg-y50 res-text\">\n                                <div class=\"text-box-content text dark\">\n              \n              <div class=\"text-inner text-center\">\n                  \n              <\/div>\n           <\/div>\n                            \n<style>\n#text-box-2119697855 {\n  width: 60%;\n}\n#text-box-2119697855 .text-box-content {\n  font-size: 100%;\n}\n<\/style>\n    <\/div>\n \n        <\/div>\n      <\/div>\n\n            \n<style>\n#banner-1889132133 {\n  padding-top: 32vh;\n  background-color: #f3f3f3;\n}\n@media (min-width:550px) {\n  #banner-1889132133 {\n    padding-top: 42vh;\n  }\n}\n@media (min-width:850px) {\n  #banner-1889132133 {\n    padding-top: 45em;\n  }\n}\n<\/style>\n  <\/div>\n\n\n\t\t<\/div>\n\t\t\t\t\n<style>\n#col-614854138 > .col-inner {\n  padding: 0px 0px 0px 0px;\n}\n@media (min-width:550px) {\n  #col-614854138 > .col-inner {\n    padding: 0px 2% 0px 2%;\n  }\n}\n@media (min-width:850px) {\n  #col-614854138 > .col-inner {\n    padding: 0px 15% 0px 0px;\n  }\n}\n<\/style>\n\t<\/div>\n\n\t\n<\/div>\n\t\t<\/div>\n\n\t\t\n<style>\n#section_149788013 {\n  padding-top: 20px;\n  padding-bottom: 20px;\n  background-color: rgb(250, 247, 240);\n}\n@media (min-width:550px) {\n  #section_149788013 {\n    padding-top: 28px;\n    padding-bottom: 28px;\n  }\n}\n@media (min-width:850px) {\n  #section_149788013 {\n    padding-top: 115px;\n    padding-bottom: 115px;\n  }\n}\n<\/style>\n\t<\/section>\n\t\n","protected":false},"excerpt":{"rendered":"","protected":false},"author":1,"featured_media":0,"parent":0,"menu_order":0,"comment_status":"closed","ping_status":"closed","template":"page-blank.php","meta":{"footnotes":""},"class_list":["post-5335","page","type-page","status-publish","hentry"],"_links":{"self":[{"href":"https:\/\/marof.net\/de\/wp-json\/wp\/v2\/pages\/5335","targetHints":{"allow":["GET"]}}],"collection":[{"href":"https:\/\/marof.net\/de\/wp-json\/wp\/v2\/pages"}],"about":[{"href":"https:\/\/marof.net\/de\/wp-json\/wp\/v2\/types\/page"}],"author":[{"embeddable":true,"href":"https:\/\/marof.net\/de\/wp-json\/wp\/v2\/users\/1"}],"replies":[{"embeddable":true,"href":"https:\/\/marof.net\/de\/wp-json\/wp\/v2\/comments?post=5335"}],"version-history":[{"count":0,"href":"https:\/\/marof.net\/de\/wp-json\/wp\/v2\/pages\/5335\/revisions"}],"wp:attachment":[{"href":"https:\/\/marof.net\/de\/wp-json\/wp\/v2\/media?parent=5335"}],"curies":[{"name":"wp","href":"https:\/\/api.w.org\/{rel}","templated":true}]}}