{"id":6036,"date":"2023-12-01T18:56:51","date_gmt":"2023-12-01T18:56:51","guid":{"rendered":"https:\/\/marof.net\/?page_id=6036"},"modified":"2026-03-21T13:11:53","modified_gmt":"2026-03-21T13:11:53","slug":"sonderangebot","status":"publish","type":"page","link":"https:\/\/marof.net\/de\/sonderangebot\/","title":{"rendered":"Sonderangebot"},"content":{"rendered":"\n\n\t<section class=\"section dark\" id=\"section_422852332\">\n\t\t<div class=\"section-bg fill\" >\n\t\t\t<img loading=\"lazy\" decoding=\"async\" width=\"1900\" height=\"1267\" src=\"https:\/\/marof.net\/wp-content\/uploads\/2023\/02\/apartma-marof-apartmaji-marof-02.webp\" class=\"bg attachment-original size-original\" alt=\"Apartmaji Marof - dnevni prostor na\u0161ega najve\u010djega apartmaja Marof\" \/>\t\t\t\t\t\t<div class=\"section-bg-overlay absolute fill\"><\/div>\n\t\t\t\n\n\t\t<\/div>\n\n\t\t\n\n\t\t<div class=\"section-content relative\">\n\t\t\t\n\n<div class=\"row row-collapse\"  id=\"row-1473679020\">\n\n\n\t<div id=\"col-746010322\" class=\"col medium-12 small-12 large-9\"  >\n\t\t\t\t<div class=\"col-inner text-left\"  >\n\t\t\t\n\t\t\t\n\n\t<div id=\"text-409673245\" class=\"text\">\n\t\t\n\n<h1><span class=\"HwtZe\" lang=\"de\"><span class=\"jCAhz ChMk0b\"><span class=\"ryNqvb\">Sonderangebot<\/span><\/span><\/span><\/h1>\n\t\t\n<style>\n#text-409673245 {\n  font-size: 1.4rem;\n}\n@media (min-width:550px) {\n  #text-409673245 {\n    font-size: 1.8rem;\n  }\n}\n@media (min-width:850px) {\n  #text-409673245 {\n    font-size: 2rem;\n  }\n}\n<\/style>\n\t<\/div>\n\t\n\t<div id=\"text-2563665358\" class=\"text\">\n\t\t\n\n<div id=\"text-2148830241\" class=\"text\">\n<p>Wir haben f\u00fcr Sie besonders g\u00fcnstige Pakete geschn\u00fcrt, bei denen wir Ihnen neben der \u00dcbernachtung in unseren komfortablen Appartements auch hausgemachte kulinarische Erlebnisse, Weinverkostungen, Entspannung in unserem hauseigenen Wellnesscenter usw. anbieten.<\/p>\n<\/div>\n\t\t\n<style>\n#text-2563665358 {\n  font-size: 1rem;\n}\n@media (min-width:550px) {\n  #text-2563665358 {\n    font-size: 1.21rem;\n  }\n}\n@media (min-width:850px) {\n  #text-2563665358 {\n    font-size: 1.2rem;\n  }\n}\n<\/style>\n\t<\/div>\n\t\n\n\t\t<\/div>\n\t\t\t\t\n<style>\n#col-746010322 > .col-inner {\n  padding: 0px 5% 0px 5%;\n  margin: 47px 0px 0px 0px;\n}\n@media (min-width:550px) {\n  #col-746010322 > .col-inner {\n    padding: 0px 20px 0px 20px;\n    margin: 27px 0px 0px 0px;\n  }\n}\n@media (min-width:850px) {\n  #col-746010322 > .col-inner {\n    margin: 354px 0px 0px 0px;\n  }\n}\n<\/style>\n\t<\/div>\n\n\t\n\n<\/div>\n\n\t\t<\/div>\n\n\t\t\n<style>\n#section_422852332 {\n  padding-top: 30px;\n  padding-bottom: 30px;\n  min-height: 51vh;\n}\n#section_422852332 .section-bg-overlay {\n  background-color: rgba(0, 0, 0, 0.169);\n}\n#section_422852332 .section-bg img {\n  object-position: 40% 63%;\n}\n@media (min-width:550px) {\n  #section_422852332 {\n    min-height: 45vh;\n  }\n}\n@media (min-width:850px) {\n  #section_422852332 {\n    min-height: 55vh;\n  }\n}\n<\/style>\n\t<\/section>\n\t\n\n\t<section class=\"section\" id=\"section_783426341\">\n\t\t<div class=\"section-bg fill\" >\n\t\t\t\t\t\t\t\t\t\n\t\t\t\n\n\t\t<\/div>\n\n\t\t\n\n\t\t<div class=\"section-content relative\">\n\t\t\t\n\n\n\n<div class=\"row row-small\"  id=\"row-624310100\">\n\n\n\n\n<\/div>\n\n\t\t<\/div>\n\n\t\t\n<style>\n#section_783426341 {\n  padding-top: 0px;\n  padding-bottom: 0px;\n}\n@media (min-width:550px) {\n  #section_783426341 {\n    padding-top: 24px;\n    padding-bottom: 24px;\n  }\n}\n@media (min-width:850px) {\n  #section_783426341 {\n    padding-top: 66px;\n    padding-bottom: 66px;\n  }\n}\n<\/style>\n\t<\/section>\n\t\n\n","protected":false},"excerpt":{"rendered":"","protected":false},"author":1,"featured_media":0,"parent":0,"menu_order":0,"comment_status":"closed","ping_status":"closed","template":"page-blank.php","meta":{"footnotes":""},"class_list":["post-6036","page","type-page","status-publish","hentry"],"_links":{"self":[{"href":"https:\/\/marof.net\/de\/wp-json\/wp\/v2\/pages\/6036","targetHints":{"allow":["GET"]}}],"collection":[{"href":"https:\/\/marof.net\/de\/wp-json\/wp\/v2\/pages"}],"about":[{"href":"https:\/\/marof.net\/de\/wp-json\/wp\/v2\/types\/page"}],"author":[{"embeddable":true,"href":"https:\/\/marof.net\/de\/wp-json\/wp\/v2\/users\/1"}],"replies":[{"embeddable":true,"href":"https:\/\/marof.net\/de\/wp-json\/wp\/v2\/comments?post=6036"}],"version-history":[{"count":0,"href":"https:\/\/marof.net\/de\/wp-json\/wp\/v2\/pages\/6036\/revisions"}],"wp:attachment":[{"href":"https:\/\/marof.net\/de\/wp-json\/wp\/v2\/media?parent=6036"}],"curies":[{"name":"wp","href":"https:\/\/api.w.org\/{rel}","templated":true}]}}