{"id":5384,"date":"2023-10-29T09:20:15","date_gmt":"2023-10-29T09:20:15","guid":{"rendered":"https:\/\/marof.net\/apartma-vina-gora\/"},"modified":"2024-03-23T12:24:02","modified_gmt":"2024-03-23T12:24:02","slug":"apartment-vina-gora","status":"publish","type":"product","link":"https:\/\/marof.net\/de\/apartment-vina-gora\/","title":{"rendered":"Apartment Vina Gora 2+2"},"content":{"rendered":"","protected":false},"excerpt":{"rendered":"<div class=\"row row-small\" style=\"max-width:100em\" id=\"row-620474916\">\n\n\n\t<div id=\"col-274827939\" class=\"col medium-12 small-12 large-4\"  >\n\t\t\t\t<div class=\"col-inner\"  >\n\t\t\t\n\t\t\t\n\n\n\n[bentral-widget type=\"reservation\"]: NO POST ID\n\n\n\n[bentral-widget type=\"price\"]: NO POST ID\n\n\n\t\t<\/div>\n\t\t\t\t\n<style>\n#col-274827939 > .col-inner {\n  padding: 0px 7px 0px 0px;\n  margin: 0px 0px -18px 0px;\n}\n<\/style>\n\t<\/div>\n\n\t\n\n\t<div id=\"col-774577373\" class=\"col medium-12 small-12 large-8 medium-col-first\"  >\n\t\t\t\t<div class=\"col-inner box-shadow-2\" style=\"background-color:rgb(255, 255, 255);\" >\n\t\t\t\n\t\t\t\n\n\t<div id=\"gap-1205230814\" class=\"gap-element clearfix\" style=\"display:block; height:auto;\">\n\t\t\n<style>\n#gap-1205230814 {\n  padding-top: 10px;\n}\n<\/style>\n\t<\/div>\n\t\n\n\t<div id=\"stack-1508992181\" class=\"stack stack-row justify-start items-baseline\">\n\t\t\n\n\t<div id=\"text-2377721525\" class=\"text\">\n\t\t\n\n<h1><span style=\"color: #002e23;\">Apartment Vina Gora<\/span><\/h1>\n\t\t\n<style>\n#text-2377721525 {\n  font-size: 1.5rem;\n}\n<\/style>\n\t<\/div>\n\t\n\t<div id=\"text-3537745380\" class=\"text\">\n\t\t\n\n<p><span style=\"color: #002e23;\"><strong>2 \u2013 4 Persone \/ 46 m2<\/strong><\/span><\/p>\n\t\t\n<style>\n#text-3537745380 {\n  font-size: 1rem;\n}\n<\/style>\n\t<\/div>\n\t\n\n\t\t\n<style>\n#stack-1508992181 > * {\n  --stack-gap: 1.75rem;\n}\n<\/style>\n\t<\/div>\n\t\n\t<div id=\"text-2184030355\" class=\"text\">\n\t\t\n\n<p><span style=\"color: #002e23;\">ab <strong><span style=\"font-size: 160%;\">\u20ac 135 <\/span><\/strong>\u00a0\/ pro Nacht<\/span><\/p>\n\t\t\n<style>\n#text-2184030355 {\n  font-size: 1.3rem;\n}\n<\/style>\n\t<\/div>\n\t\n\t<div id=\"text-879830172\" class=\"text\">\n\t\t\n\n<p><strong>Zwei separate Schlafzimmer mit Doppelbetten<\/strong> oder Einzelbetten f\u00fcr 2 Personen<br \/><strong>Ein Doppelbett<\/strong> f\u00fcr 2 Personen im Wohnbereich<br \/><strong>Gro\u00dfer Wohnbereich mit Esszimmer<\/strong><br \/><strong>Voll ausgestattete K\u00fcche<\/strong> mit K\u00fchlschrank, Induktionsherd und Mikrowelle<br \/><strong>Badezimmer<\/strong> mit Dusche, Waschbecken und WC<br \/><strong>Balkon<\/strong> mit Sitzgelegenheiten und Tisch<\/p>\n\t\t\n<style>\n#text-879830172 {\n  font-size: 1.1rem;\n  line-height: 1.75;\n}\n<\/style>\n\t<\/div>\n\t\n<a href=\"#rezerviraj_app\" class=\"button primary lowercase expand show-for-small\" >\n\t\t<span>Reservieren<\/span>\n\t<i class=\"icon-angle-right\" aria-hidden=\"true\"><\/i><\/a>\n\n\n\t<div id=\"stack-1078368531\" class=\"stack stack-row justify-start items-start sm:stack-col\">\n\t\t\n\n\t<div id=\"text-3927733971\" class=\"text\">\n\t\t\n\n<p><strong><span style=\"color: #d8caae; font-size: 120%;\">\u2713 <\/span><\/strong>Willkommensgru\u00df bei der Ankunft<br \/><strong><span style=\"font-size: 120%; color: #d8caae;\">\u2713<\/span> <\/strong>Helle R\u00e4ume mit sch\u00f6ner Aussicht<br \/><strong><span style=\"font-size: 120%; color: #d8caae;\">\u2713<\/span> <\/strong>Kostenloses WI-FI<strong><br \/><span style=\"color: #d8caae; font-size: 120%;\">\u2713 <\/span><\/strong>TV<strong><br \/><span style=\"font-size: 120%; color: #d8caae;\">\u2713 <\/span><\/strong>Hochwertige Matratzen und Bettw\u00e4sche<\/p>\n\t\t\n<style>\n#text-3927733971 {\n  font-size: 1.1rem;\n  line-height: 1.6;\n}\n<\/style>\n\t<\/div>\n\t\n\t<div id=\"text-607630619\" class=\"text\">\n\t\t\n\n<p><strong><span style=\"font-size: 120%; color: #d8caae;\">\u2713<\/span> <\/strong>K\u00fchlschrank mit Gefrierfach<br \/><strong><span style=\"color: #d8caae; font-size: 120%;\">\u2713<\/span> <\/strong>K\u00fcchenutensilien<strong><br \/><span style=\"font-size: 120%; color: #d8caae;\">\u2713 <\/span><\/strong>Induktionskochfeld<strong><br \/><span style=\"font-size: 120%; color: #d8caae;\">\u2713 <\/span><\/strong>Mikrowelle<strong><br \/><\/strong><\/p>\n\t\t\n<style>\n#text-607630619 {\n  font-size: 1.1rem;\n  line-height: 1.6;\n}\n<\/style>\n\t<\/div>\n\t\n\t<div id=\"text-3008657958\" class=\"text\">\n\t\t\n\n<p><strong><span style=\"font-size: 120%; color: #d8caae;\">\u2713<\/span> <\/strong>Reinigungsmittel und T\u00fccher<br \/><strong><span style=\"font-size: 120%; color: #d8caae;\">\u2713 <\/span><\/strong>G\u00e4ngige K\u00fcchengew\u00fcrze<strong><br \/><span style=\"font-size: 120%; color: #d8caae;\">\u2713 <\/span><\/strong>Hausgemachter Tee<strong><br \/><\/strong><strong><span style=\"font-size: 120%; color: #d8caae;\">\u2713 <\/span><\/strong>Handt\u00fccher<strong><br \/><span style=\"font-size: 120%; color: #d8caae;\">\u2713 <\/span><\/strong>Haartrockner<strong><br \/><\/strong><\/p>\n\t\t\n<style>\n#text-3008657958 {\n  font-size: 1.1rem;\n  line-height: 1.6;\n}\n<\/style>\n\t<\/div>\n\t\n\n\t\t\n<style>\n#stack-1078368531 > * {\n  --stack-gap: 0rem;\n}\n@media (min-width:550px) {\n  #stack-1078368531 > * {\n    --stack-gap: 1.5rem;\n  }\n}\n<\/style>\n\t<\/div>\n\t\n\t<div id=\"stack-2279800982\" class=\"stack stack-row justify-start items-start\">\n\t\t\n\n\t<div id=\"text-1140914425\" class=\"text\">\n\t\t\n\n<p><strong><span style=\"font-size: 120%; color: #d8caae;\">\u2713 <\/span><\/strong>Bademantel (auf Wunsch)<strong><br \/><span style=\"font-size: 120%; color: #d8caae;\">\u2713 <\/span><\/strong>Saunahandt\u00fccher (auf Wunsch)<strong><br \/><\/strong><strong><span style=\"font-size: 120%; color: #d8caae;\">\u2713 <\/span><\/strong>Hausschuhe (auf Wunsch)<br \/><strong><span style=\"color: #d8caae; font-size: 120%;\">\u2713 <\/span><\/strong>Kinderbett, Kinderhochstuhl Trip-trap (auf Wunsch)<strong><br \/><\/strong><\/p>\n\t\t\n<style>\n#text-1140914425 {\n  font-size: 1.1rem;\n  line-height: 1.6;\n}\n<\/style>\n\t<\/div>\n\t\n\n\t\t\n<style>\n#stack-2279800982 > * {\n  --stack-gap: 1.25rem;\n}\n<\/style>\n\t<\/div>\n\t\n\t<div id=\"gap-935226773\" class=\"gap-element clearfix\" style=\"display:block; height:auto;\">\n\t\t\n<style>\n#gap-935226773 {\n  padding-top: 14px;\n}\n<\/style>\n\t<\/div>\n\t\n\n<div class=\"row row-collapse align-equal\"  id=\"row-1687416887\">\n\n\n\t<div id=\"col-413047429\" class=\"col medium-6 small-12 large-6\"  >\n\t\t\t\t<div class=\"col-inner\" style=\"background-color:rgb(250, 247, 240);\" >\n\t\t\t\n\t\t\t\n\n<h3 class=\"accordion_title\">ZUS\u00c4TZLICHE INFORMATIONEN:<\/h3><div class=\"accordion\">\n\n\t<div id=\"accordion-1033854649\" class=\"accordion-item\">\n\t\t<a id=\"accordion-1033854649-label\" class=\"accordion-title plain\" href=\"#accordion-item-regeln-in-den-wohneinheiten\" aria-expanded=\"false\" aria-controls=\"accordion-1033854649-content\">\n\t\t\t<button class=\"toggle\" aria-label=\"Umschalten\"><i class=\"icon-angle-down\" aria-hidden=\"true\"><\/i><\/button>\n\t\t\t<span>Regeln in den Wohneinheiten<\/span>\n\t\t<\/a>\n\t\t<div id=\"accordion-1033854649-content\" class=\"accordion-inner\" aria-labelledby=\"accordion-1033854649-label\">\n\t\t\t\n\n<p><strong><span style=\"font-size: 120%;\"><span style=\"color: #434f38;\">\u2713 <\/span><\/span><\/strong>Kajenje dovoljeno <strong>samo na prostem.<\/strong><br \/><strong><span style=\"font-size: 120%;\"><span style=\"color: #434f38;\">\u2713 <\/span><\/span><\/strong>Zabave in glasna dru\u017eenja v apartmajih<strong> niso dovoljene.<\/strong><br \/><strong><span style=\"font-size: 120%;\"><span style=\"color: #434f38;\">\u2713 <\/span><\/span><\/strong>Zagotavljanje no\u010dnega <strong>miru v objektu med 21. in 7. uro zjutraj.<\/strong><br \/><strong><span style=\"font-size: 120%;\"><span style=\"color: #434f38;\">\u2713 <\/span><\/span><\/strong><span style=\"font-weight: 400;\"><strong>Hi\u0161ni ljubljen\u010dki\u00a0so\u00a0za\u017eeleni ob predhodnem dogovoru in<span style=\"text-decoration: underline;\">\u00a0dopla\u010dilu 10 \u20ac\/dan.<\/span><\/strong><br \/><strong><span style=\"font-size: 120%;\"><span style=\"color: #434f38;\">\u2713 <\/span><\/span>Morebitne \u0161kode se poravnajo na licu mesta, v polni vrednosti.<\/strong><br \/><strong><span style=\"font-size: 120%;\"><span style=\"color: #434f38;\">\u2713 <\/span><\/span>Gostje morajo ob prijavi pokazati veljaven osebni dokument<\/strong> (osebna izkaznica, potni list ali vozni\u0161ko dovoljenje - novo) in kreditno kartico.<br \/><\/span><span style=\"font-weight: 400;\"><strong><span style=\"font-size: 120%;\"><span style=\"color: #434f38;\">\u2713 <\/span><\/span><span style=\"text-decoration: underline;\">Prijava gostov\u00a0od 15. ure. Odjava do 11. ure.<\/span><\/strong><\/span><\/p>\n\n\t\t<\/div>\n\t<\/div>\n\t\n\t<div id=\"accordion-839135445\" class=\"accordion-item\">\n\t\t<a id=\"accordion-839135445-label\" class=\"accordion-title plain\" href=\"#accordion-item-nachhaltigkeit\" aria-expanded=\"false\" aria-controls=\"accordion-839135445-content\">\n\t\t\t<button class=\"toggle\" aria-label=\"Umschalten\"><i class=\"icon-angle-down\" aria-hidden=\"true\"><\/i><\/button>\n\t\t\t<span>Nachhaltigkeit<\/span>\n\t\t<\/a>\n\t\t<div id=\"accordion-839135445-content\" class=\"accordion-inner\" aria-labelledby=\"accordion-839135445-label\">\n\t\t\t\n\n<p><strong><span style=\"font-size: 120%;\"><span style=\"color: #434f38;\">\u2713<\/span> <\/span><\/strong><span style=\"font-weight: 400;\">Son\u010dna elektrarna za lastne potrebe.<br \/><strong><span style=\"font-size: 120%;\"><span style=\"color: #434f38;\">\u2713<\/span> <\/span><\/strong>Polnilnica za elektri\u010dne avtomobile.<br \/><strong><span style=\"font-size: 120%;\"><span style=\"color: #434f38;\">\u2713<\/span> <\/span><\/strong>Ogrevanje na lastno biomaso in toplotno \u010drpalko.<br \/><strong><span style=\"font-size: 120%;\"><span style=\"color: #434f38;\">\u2713<\/span> <\/span><\/strong>Uporaba naravnih in doma\u010dih materialov pri opremi.<br \/><strong><span style=\"font-size: 120%;\"><span style=\"color: #434f38;\">\u2713<\/span> <\/span><\/strong>Poudarek na uporabi \u017eivil lastne pridelave ali iz sosednjih kmetij.<br \/><strong><span style=\"font-size: 120%;\"><span style=\"color: #434f38;\">\u2713<\/span> <\/span><\/strong>Kakovostna pitna voda iz pipe.<br \/><strong><span style=\"font-size: 120%;\"><span style=\"color: #434f38;\">\u2713<\/span> <\/span><\/strong>Lo\u010devanje odpadkov.<br \/><strong><span style=\"font-size: 120%;\"><span style=\"color: #434f38;\">\u2713<\/span> <\/span><\/strong>Uporaba de\u017eevnice za izpiranje.<\/span><\/p>\n\n\t\t<\/div>\n\t<\/div>\n\t\n\n<\/div>\n\t<div id=\"gap-1228922539\" class=\"gap-element clearfix\" style=\"display:block; height:auto;\">\n\t\t\n<style>\n#gap-1228922539 {\n  padding-top: 15px;\n}\n<\/style>\n\t<\/div>\n\t\n\n<a href=\"\/de\/kontakt\/\" class=\"button primary is-outline lowercase reveal-icon expand\" style=\"padding:10px 3em 10px 3em;\">\n\t\t<span>Kontakt<\/span>\n\t<i class=\"icon-angle-right\" aria-hidden=\"true\"><\/i><\/a>\n\n\n\n\t\t<\/div>\n\t\t\t\t\n<style>\n#col-413047429 > .col-inner {\n  padding: 15px 6% 11px 6%;\n}\n@media (min-width:550px) {\n  #col-413047429 > .col-inner {\n    padding: 15px 0px 11px 3%;\n  }\n}\n<\/style>\n\t<\/div>\n\n\t\n\n\t<div id=\"col-848371235\" class=\"col medium-6 small-12 large-6\"  >\n\t\t\t\t<div class=\"col-inner\" style=\"background-color:rgb(250, 247, 240);\" >\n\t\t\t\n\t\t\t\n\n\n\n<iframe src=\"https:\/\/www.google.com\/maps\/embed?pb=!1m18!1m12!1m3!1d6584.180390606023!2d15.663286334478112!3d46.0649225177707!2m3!1f0!2f0!3f0!3m2!1i1024!2i768!4f13.1!3m3!1m2!1s0x476595411e51c00d%3A0x7e64deff82f2dd7a!2sMAROF%20Wine%26Apartments%2C%20turisti%C4%8Dna%20kmetija!5e0!3m2!1sen!2ssi!4v1698566767750!5m2!1sen!2ssi\" width=\"450\" height=\"225\" style=\"border:0;\" allowfullscreen=\"\" loading=\"lazy\" referrerpolicy=\"no-referrer-when-downgrade\"><\/iframe>\n\n\n\t\t<\/div>\n\t\t\t\t\n<style>\n#col-848371235 > .col-inner {\n  padding: 16px 2% 4px 2%;\n}\n@media (min-width:550px) {\n  #col-848371235 > .col-inner {\n    padding: 16px 3% 0px 3%;\n  }\n}\n<\/style>\n\t<\/div>\n\n\t\n\n<\/div>\n\t<div id=\"gap-2122201209\" class=\"gap-element clearfix\" style=\"display:block; height:auto;\">\n\t\t\n<style>\n#gap-2122201209 {\n  padding-top: 0px;\n}\n<\/style>\n\t<\/div>\n\t\n\n\t<div id=\"gap-1591776323\" class=\"gap-element clearfix\" style=\"display:block; height:auto;\">\n\t\t\n<style>\n#gap-1591776323 {\n  padding-top: 20px;\n}\n<\/style>\n\t<\/div>\n\t\n\n<span class=\"scroll-to\" data-label=\"Scroll to: #rezerviraj_app\" data-bullet=\"false\" data-link=\"#rezerviraj_app\" data-title=\"Rezerviraj\"><a name=\"rezerviraj_app\"><\/a><\/span>\n\n\n\n[bentral-widget type=\"calendar\"]: NO POST ID\n\n\n\t\t<\/div>\n\t\t\t\t\n<style>\n#col-774577373 > .col-inner {\n  padding: 5% 3% 5% 3%;\n  margin: 55px 0px 0px 0px;\n}\n@media (min-width:550px) {\n  #col-774577373 > .col-inner {\n    padding: 5% 2% 5% 2%;\n    margin: 5px 0px 0px 0px;\n  }\n}\n@media (min-width:850px) {\n  #col-774577373 > .col-inner {\n    padding: 3% 5% 3% 5%;\n    margin: -61px 0px -3px 0px;\n  }\n}\n<\/style>\n\t<\/div>\n\n\t\n\n<\/div>\n","protected":false},"featured_media":5385,"template":"","meta":[],"product_brand":[],"product_cat":[41],"product_tag":[],"class_list":{"0":"post-5384","1":"product","2":"type-product","3":"status-publish","4":"has-post-thumbnail","6":"product_cat-apartmaji-de","8":"first","9":"instock","10":"taxable","11":"shipping-taxable","12":"product-type-simple"},"_links":{"self":[{"href":"https:\/\/marof.net\/de\/wp-json\/wp\/v2\/product\/5384","targetHints":{"allow":["GET"]}}],"collection":[{"href":"https:\/\/marof.net\/de\/wp-json\/wp\/v2\/product"}],"about":[{"href":"https:\/\/marof.net\/de\/wp-json\/wp\/v2\/types\/product"}],"wp:featuredmedia":[{"embeddable":true,"href":"https:\/\/marof.net\/de\/wp-json\/wp\/v2\/media\/5385"}],"wp:attachment":[{"href":"https:\/\/marof.net\/de\/wp-json\/wp\/v2\/media?parent=5384"}],"wp:term":[{"taxonomy":"product_brand","embeddable":true,"href":"https:\/\/marof.net\/de\/wp-json\/wp\/v2\/product_brand?post=5384"},{"taxonomy":"product_cat","embeddable":true,"href":"https:\/\/marof.net\/de\/wp-json\/wp\/v2\/product_cat?post=5384"},{"taxonomy":"product_tag","embeddable":true,"href":"https:\/\/marof.net\/de\/wp-json\/wp\/v2\/product_tag?post=5384"}],"curies":[{"name":"wp","href":"https:\/\/api.w.org\/{rel}","templated":true}]}}