{"id":5747,"date":"2023-06-13T04:18:11","date_gmt":"2023-06-13T04:18:11","guid":{"rendered":"https:\/\/marof.net\/?page_id=5747"},"modified":"2024-08-05T19:49:39","modified_gmt":"2024-08-05T19:49:39","slug":"agriturismo-marof-chi-siamo","status":"publish","type":"page","link":"https:\/\/marof.net\/it\/agriturismo-marof-chi-siamo\/","title":{"rendered":"Agriturismo MAROF \u2013 chi siamo"},"content":{"rendered":"\n\n\t<section class=\"section dark\" id=\"section_1986184937\">\n\t\t<div class=\"section-bg fill\" >\n\t\t\t<img loading=\"lazy\" decoding=\"async\" width=\"2550\" height=\"700\" src=\"https:\/\/marof.net\/wp-content\/uploads\/2023\/12\/kmecki-turizem-marof-00043.webp\" class=\"bg attachment-original size-original\" alt=\"Kme\u010dki turizem Marof - pono\u010di\" \/>\t\t\t\t\t\t<div class=\"section-bg-overlay absolute fill\"><\/div>\n\t\t\t\n\n\t\t<\/div>\n\n\t\t\n\n\t\t<div class=\"section-content relative\">\n\t\t\t\n\n<div class=\"row row-collapse align-bottom\"  id=\"row-237033985\">\n\n\n\t<div id=\"col-394968284\" class=\"col medium-12 small-12 large-12\"  >\n\t\t\t\t<div class=\"col-inner text-left\"  >\n\t\t\t\n\t\t\t\n\n\t<div id=\"text-545270557\" class=\"text\">\n\t\t\n\n<h1>Agriturismo MAROF<\/h1>\n\t\t\n<style>\n#text-545270557 {\n  font-size: 1.3rem;\n}\n@media (min-width:550px) {\n  #text-545270557 {\n    font-size: 2rem;\n  }\n}\n<\/style>\n\t<\/div>\n\t\n\n\t\t<\/div>\n\t\t\t\t\n<style>\n#col-394968284 > .col-inner {\n  padding: 0px 5% 0px 5%;\n  margin: 115px 0px 0px 0px;\n}\n@media (min-width:550px) {\n  #col-394968284 > .col-inner {\n    padding: 0px 20px 0px 20px;\n    margin: 206px 0px 0px 0px;\n  }\n}\n@media (min-width:850px) {\n  #col-394968284 > .col-inner {\n    padding: 0px 0px 0px 0px;\n    margin: 32vh 0px 0px 0px;\n  }\n}\n<\/style>\n\t<\/div>\n\n\t\n\n<\/div>\n\n\t\t<\/div>\n\n\t\t\n<style>\n#section_1986184937 {\n  padding-top: 30px;\n  padding-bottom: 30px;\n  min-height: 72vh;\n}\n#section_1986184937 .section-bg-overlay {\n  background-color: rgba(0, 0, 0, 0.343);\n}\n#section_1986184937 .section-bg img {\n  object-position: 86% 93%;\n}\n@media (min-width:550px) {\n  #section_1986184937 {\n    min-height: 45vh;\n  }\n}\n@media (min-width:850px) {\n  #section_1986184937 {\n    min-height: 55vh;\n  }\n}\n<\/style>\n\t<\/section>\n\t\n\n\t<section class=\"section\" id=\"section_1401522928\">\n\t\t<div class=\"section-bg fill\" >\n\t\t\t\t\t\t\t\t\t\n\t\t\t\n\n\t\t<\/div>\n\n\t\t\n\n\t\t<div class=\"section-content relative\">\n\t\t\t\n\n\t<div id=\"gap-2127382785\" class=\"gap-element clearfix\" style=\"display:block; height:auto;\">\n\t\t\n<style>\n#gap-2127382785 {\n  padding-top: 21px;\n}\n<\/style>\n\t<\/div>\n\t\n\n<div class=\"row row-collapse row-full-width align-middle\"  id=\"row-1445034817\">\n\n\n\t<div id=\"col-103615998\" class=\"col medium-12 small-12 large-6\"  >\n\t\t\t\t<div class=\"col-inner\"  >\n\t\t\t\n\t\t\t\n\n\n  <div class=\"banner has-hover\" id=\"banner-20276051\">\n          <div class=\"banner-inner fill\">\n        <div class=\"banner-bg fill\" >\n            <img loading=\"lazy\" decoding=\"async\" width=\"950\" height=\"720\" src=\"https:\/\/marof.net\/wp-content\/uploads\/2023\/12\/kmecki-trurizem-marof-00545.webp\" class=\"bg attachment-original size-original\" alt=\"Kme\u010dki turizem Marof - Simon Rogina\" \/>                                    \n                    <\/div>\n\t\t\n        <div class=\"banner-layers container\">\n            <div class=\"fill banner-link\"><\/div>            \n\n   <div id=\"text-box-2144394421\" class=\"text-box banner-layer x50 md-x50 lg-x50 y50 md-y50 lg-y50 res-text\">\n                                <div class=\"text-box-content text dark\">\n              \n              <div class=\"text-inner text-center\">\n                  \n\n\n              <\/div>\n           <\/div>\n                            \n<style>\n#text-box-2144394421 {\n  width: 60%;\n}\n#text-box-2144394421 .text-box-content {\n  font-size: 100%;\n}\n<\/style>\n    <\/div>\n \n\n        <\/div>\n      <\/div>\n\n            \n<style>\n#banner-20276051 {\n  padding-top: 32vh;\n  background-color: rgb(255, 255, 255);\n}\n#banner-20276051 .banner-bg img {\n  object-position: 5% 66%;\n}\n@media (min-width:550px) {\n  #banner-20276051 {\n    padding-top: 42vh;\n  }\n}\n@media (min-width:850px) {\n  #banner-20276051 {\n    padding-top: 45em;\n  }\n}\n<\/style>\n  <\/div>\n\n\n<div class=\"row row-small align-middle align-center hide-for-small\"  id=\"row-1761897535\">\n\n\n\t<div id=\"col-555438071\" class=\"col medium-4 small-12 large-4\"  >\n\t\t\t\t<div class=\"col-inner\"  >\n\t\t\t\n\t\t\t\n\n<a href=\"\/it\/vino\/\" class=\"button primary is-outline lowercase reveal-icon expand\" style=\"padding:10px 3em 10px 3em;\">\n\t\t<span>Vino<\/span>\n\t<i class=\"icon-angle-right\" aria-hidden=\"true\"><\/i><\/a>\n\n\n\n\t\t<\/div>\n\t\t\t\t\t<\/div>\n\n\t\n\n\t<div id=\"col-1508761362\" class=\"col medium-4 small-12 large-4\"  >\n\t\t\t\t<div class=\"col-inner\"  >\n\t\t\t\n\t\t\t\n\n<a href=\"\/it\/appartamenti\/\" class=\"button primary lowercase reveal-icon expand\" style=\"padding:10px 3em 10px 3em;\">\n\t\t<span>Appartamenti<\/span>\n\t<i class=\"icon-angle-right\" aria-hidden=\"true\"><\/i><\/a>\n\n\n\n\t\t<\/div>\n\t\t\t\t\t<\/div>\n\n\t\n\n\t<div id=\"col-429057165\" class=\"col medium-4 small-12 large-4\"  >\n\t\t\t\t<div class=\"col-inner\"  >\n\t\t\t\n\t\t\t\n\n<a href=\"\/it\/wellness\/\" class=\"button primary is-outline lowercase reveal-icon expand\" style=\"padding:10px 3em 10px 3em;\">\n\t\t<span>Wellness<\/span>\n\t<i class=\"icon-angle-right\" aria-hidden=\"true\"><\/i><\/a>\n\n\n\n\t\t<\/div>\n\t\t\t\t\t<\/div>\n\n\t\n\n<\/div>\n<div class=\"row row-collapse align-middle align-center show-for-small\"  id=\"row-3800357\">\n\n\n\t<div id=\"col-1273523026\" class=\"col medium-4 small-12 large-4\"  >\n\t\t\t\t<div class=\"col-inner\"  >\n\t\t\t\n\t\t\t\n\n<a href=\"\/it\/vino\/\" class=\"button primary is-outline lowercase reveal-icon expand\" style=\"padding:10px 3em 10px 3em;\">\n\t\t<span>Vino<\/span>\n\t<i class=\"icon-angle-right\" aria-hidden=\"true\"><\/i><\/a>\n\n\n\n\t\t<\/div>\n\t\t\t\t\n<style>\n#col-1273523026 > .col-inner {\n  margin: 20px 0px 0px 0px;\n}\n<\/style>\n\t<\/div>\n\n\t\n\n\t<div id=\"col-408292965\" class=\"col medium-4 small-12 large-4\"  >\n\t\t\t\t<div class=\"col-inner\"  >\n\t\t\t\n\t\t\t\n\n<a href=\"\/it\/appartamenti\" class=\"button primary lowercase reveal-icon expand\" style=\"padding:10px 3em 10px 3em;\">\n\t\t<span>Apartmaji<\/span>\n\t<i class=\"icon-angle-right\" aria-hidden=\"true\"><\/i><\/a>\n\n\n\n\t\t<\/div>\n\t\t\t\t\t<\/div>\n\n\t\n\n\t<div id=\"col-1895382381\" class=\"col medium-4 small-12 large-4\"  >\n\t\t\t\t<div class=\"col-inner\"  >\n\t\t\t\n\t\t\t\n\n<a href=\"\/it\/wellness\/\" class=\"button primary is-outline lowercase reveal-icon expand\" style=\"padding:10px 3em 10px 3em;\">\n\t\t<span>Wellness<\/span>\n\t<i class=\"icon-angle-right\" aria-hidden=\"true\"><\/i><\/a>\n\n\n\n\t\t<\/div>\n\t\t\t\t\n<style>\n#col-1895382381 > .col-inner {\n  margin: 0px 0px 32px 0px;\n}\n<\/style>\n\t<\/div>\n\n\t\n\n<\/div>\n\n\t\t<\/div>\n\t\t\t\t\n<style>\n#col-103615998 > .col-inner {\n  padding: 0px 2% 0px 2%;\n}\n@media (min-width:550px) {\n  #col-103615998 > .col-inner {\n    padding: 0px 2% 0px 2%;\n  }\n}\n@media (min-width:850px) {\n  #col-103615998 > .col-inner {\n    padding: 0px 0px 0px 15%;\n  }\n}\n<\/style>\n\t<\/div>\n\n\t\n\n\t<div id=\"col-1976467234\" class=\"col medium-12 small-12 large-6 medium-col-first\"  >\n\t\t\t\t<div class=\"col-inner\"  >\n\t\t\t\n\t\t\t\n\n\t<div id=\"text-3087241873\" class=\"text\">\n\t\t\n\n<h2>Agriturismo MAROF \u2013 chi siamo<\/h2>\n\t\t\n<style>\n#text-3087241873 {\n  font-size: 1.6rem;\n}\n<\/style>\n\t<\/div>\n\t\n\t<div id=\"text-2322333071\" class=\"text\">\n\t\t\n\n<p><strong>La nostra azienda agricola a conduzione familiare \u2013 l&#8217;agriturismo Marof si trova nelle immediate vicinanze del piacevole villaggio di Bistrica ob Sotli, vicino alla confluenza dei fiumi Bistrica e Sotla.<\/strong><\/p>\n<p>L&#8217;agriturismo MAROF \u00e8 circondato da campi pianeggianti e prati, che da un lato si trasformano rapidamente nei pendii boscosi di Orlice e dall&#8217;altro nel pittoresco paesaggio incontaminato del Kozjansko con i caratteristici vigneti. Non \u00e8 un caso che la posizione del maso sia stata scelta come granaio del castello, granaio e fienile gi\u00e0 ai tempi dei conti Kun\u0161per nel Medioevo, come testimoniano le spesse mura in pietra degli edifici ancora oggi conservati.<\/p>\n<p><strong>La tradizione principale di famiglia \u00e8 sempre stata la viticoltura<\/strong> e le generazioni passate si sono impegnate in misura minore nell&#8217;agricoltura mista. La cantina ha sempre aderito al nome originario &#8220;Marof&#8221; e siamo conosciuti da tutti come &#8220;Marofski&#8221;.<\/p>\n<p><strong>Tre generazioni risiedono al maso Marof: nonna Pepca, il figlio Simon con la compagna Nika e le figlie Kaja, Anna e Sonja.<\/strong><\/p>\n<p><strong>Nei nostri vigneti e nella nostra cantina, con tanto amore e lavoro manuale, produciamo, facciamo maturare e imbottigliare vini di alta qualit\u00e0<\/strong>. I vigneti distribuiti in due localit\u00e0 vicine comprendono settemila viti di diverse variet\u00e0, per lo pi\u00f9 Sauvignon, Moscato giallo e Blaufr\u00e4nkisch. L&#8217;enologia e la cantina sono passione e anche la professione del figlio Simon titolare dell&#8217;azienda agricola, che, tra l&#8217;altro, ha molti anni di esperienza nella gestione di una cantina pi\u00f9 grande all&#8217;estero.<\/p>\n<p><strong>Per questo offriamo vini bianchi e rossi e spumanti di alta qualit\u00e0, che si distinguono per freschezza e mineralit\u00e0. Alcuni vini acquistano nobilt\u00e0 maturando in barrique di legno.<\/strong><\/p>\n<p>L&#8217;agriturismo MAROF comprende diversi altri prati, boschi e campi dove produciamo cereali, semi di zucca e olio di semi di zucca. La parte femminile della famiglia ama il giardinaggio e si occupa specificatamente di erbe aromatiche.<\/p>\n<p>In fattoria, ovviamente, non mancano gli animali da compagnia: gli immancabili cagnolini Lili, e i gattini domestici sono una gioia per tutti i membri della famiglia.<\/p>\n<p><strong>L&#8217;agriturismo MAROF dispone di quattro nuovi appartamenti spaziosi con una splendida vista, centro benessere con sauna, idromassaggio e massaggi.<\/strong><\/p>\n<p>Vogliamo offrire ai nostri ospiti un contatto genuino con il ritmo calmo della campagna.<\/p>\n<p><strong>Attraverso bellezze naturali e culturali, cucina casalinga e altre esperienze nel nostro ambiente, gli ospiti possono ritrovare il contatto con se stessi, raggiungere un profondo relax e trovare una nuova scintilla nella vita.<\/strong><\/p>\n\t\t\n<style>\n#text-2322333071 {\n  font-size: 1.1rem;\n}\n<\/style>\n\t<\/div>\n\t\n\n\t\t<\/div>\n\t\t\t\t\n<style>\n#col-1976467234 > .col-inner {\n  padding: 14px 2% 0px 2%;\n}\n@media (min-width:550px) {\n  #col-1976467234 > .col-inner {\n    padding: 0px 2% 0px 2%;\n  }\n}\n@media (min-width:850px) {\n  #col-1976467234 > .col-inner {\n    padding: 0px 14% 0px 7%;\n  }\n}\n<\/style>\n\t<\/div>\n\n\t\n\n<\/div>\n\n\t\t<\/div>\n\n\t\t\n<style>\n#section_1401522928 {\n  padding-top: 0px;\n  padding-bottom: 0px;\n  background-color: rgb(255, 255, 255);\n}\n@media (min-width:550px) {\n  #section_1401522928 {\n    padding-top: 17px;\n    padding-bottom: 17px;\n  }\n}\n@media (min-width:850px) {\n  #section_1401522928 {\n    padding-top: 86px;\n    padding-bottom: 86px;\n  }\n}\n<\/style>\n\t<\/section>\n\t\n\n\t<section class=\"section\" id=\"section_880617003\">\n\t\t<div class=\"section-bg fill\" >\n\t\t\t\t\t\t\t\t\t\n\t\t\t\n\n\t\t<\/div>\n\n\t\t\n\n\t\t<div class=\"section-content relative\">\n\t\t\t\n\n<div class=\"row row-collapse row-full-width align-middle\"  id=\"row-925892341\">\n\n\n\t<div id=\"col-807436451\" class=\"col medium-12 small-12 large-6\"  >\n\t\t\t\t<div class=\"col-inner\"  >\n\t\t\t\n\t\t\t\n\n\t<div id=\"text-3549812237\" class=\"text\">\n\t\t\n\n<h2>Agriturismo MAROF \u2013 a contatto con la natura<\/h2>\n\t\t\n<style>\n#text-3549812237 {\n  font-size: 1.6rem;\n}\n<\/style>\n\t<\/div>\n\t\n\t<div id=\"text-2567614495\" class=\"text\">\n\t\t\n\n<p><strong>Atteggiamento responsabile nei confronti delle persone, degli animali e della natura.<\/strong><\/p>\n<p>Di generazione in generazione, cerchiamo di trasmettere i buoni valori della vita coltivando il rispetto intergenerazionale, la cooperazione, la partecipazione sociale e un atteggiamento rispettoso nei confronti degli animali.<\/p>\n<p>Vogliamo ridurre gli imballaggi in plastica: utilizziamo materiali sostenibili e riutilizzabili per servire cibi e bevande.<\/p>\n<p>Separiamo i rifiuti per bidone, separiamo i rifiuti alimentari e cerchiamo di compostare il pi\u00f9 possibile.<\/p>\n<p>Utilizziamo prodotti di stagione, propri o regionali e biologici; Ci\u00f2 riduce la nostra impronta di carbonio, il consumo di energia, influisce sulla conservazione dei posti di lavoro locali e sull&#8217;uso delle nostre risorse.<\/p>\n<p>Nelle strutture ci prendiamo cura della sicurezza igienica del soggiorno e del cibo, e ci prendiamo cura che gran parte dell\u2019illuminazione provenga dalla luce naturale.<\/p>\n<p><strong>Nelle strutture ci prendiamo cura della sicurezza igienica del soggiorno e del cibo, e ci prendiamo cura che gran parte dell\u2019illuminazione provenga dalla luce naturale.<\/strong><\/p>\n<p><br \/><br \/><\/p>\n\t\t\n<style>\n#text-2567614495 {\n  font-size: 1.1rem;\n}\n<\/style>\n\t<\/div>\n\t\n\n\t\t<\/div>\n\t\t\t\t\n<style>\n#col-807436451 > .col-inner {\n  padding: 0px 2% 0px 2%;\n}\n@media (min-width:550px) {\n  #col-807436451 > .col-inner {\n    padding: 0px 2% 0px 2%;\n  }\n}\n@media (min-width:850px) {\n  #col-807436451 > .col-inner {\n    padding: 0px 7% 0px 14%;\n  }\n}\n<\/style>\n\t<\/div>\n\n\t\n\n\t<div id=\"col-1859428905\" class=\"col medium-12 small-12 large-6\"  >\n\t\t\t\t<div class=\"col-inner\"  >\n\t\t\t\n\t\t\t\n\n\n  <div class=\"banner has-hover\" id=\"banner-1177797805\">\n          <div class=\"banner-inner fill\">\n        <div class=\"banner-bg fill\" >\n            <img loading=\"lazy\" decoding=\"async\" width=\"1060\" height=\"720\" src=\"https:\/\/marof.net\/wp-content\/uploads\/2023\/12\/kmecki-turizem-marof-02.webp\" class=\"bg attachment-original size-original\" alt=\"\" \/>                                    \n                    <\/div>\n\t\t\n        <div class=\"banner-layers container\">\n            <div class=\"fill banner-link\"><\/div>            \n\n   <div id=\"text-box-636701489\" class=\"text-box banner-layer x50 md-x50 lg-x50 y50 md-y50 lg-y50 res-text\">\n                                <div class=\"text-box-content text dark\">\n              \n              <div class=\"text-inner text-center\">\n                  \n\n\n              <\/div>\n           <\/div>\n                            \n<style>\n#text-box-636701489 {\n  width: 60%;\n}\n#text-box-636701489 .text-box-content {\n  font-size: 100%;\n}\n<\/style>\n    <\/div>\n \n\n        <\/div>\n      <\/div>\n\n            \n<style>\n#banner-1177797805 {\n  padding-top: 32vh;\n  background-color: #f3f3f3;\n}\n@media (min-width:550px) {\n  #banner-1177797805 {\n    padding-top: 42vh;\n  }\n}\n@media (min-width:850px) {\n  #banner-1177797805 {\n    padding-top: 45em;\n  }\n}\n<\/style>\n  <\/div>\n\n\n\n\t\t<\/div>\n\t\t\t\t\n<style>\n#col-1859428905 > .col-inner {\n  padding: 0px 0px 0px 0px;\n}\n@media (min-width:550px) {\n  #col-1859428905 > .col-inner {\n    padding: 0px 2% 0px 2%;\n  }\n}\n@media (min-width:850px) {\n  #col-1859428905 > .col-inner {\n    padding: 0px 15% 0px 0px;\n  }\n}\n<\/style>\n\t<\/div>\n\n\t\n\n<\/div>\n\n\t\t<\/div>\n\n\t\t\n<style>\n#section_880617003 {\n  padding-top: 20px;\n  padding-bottom: 20px;\n  background-color: rgb(250, 247, 240);\n}\n@media (min-width:550px) {\n  #section_880617003 {\n    padding-top: 28px;\n    padding-bottom: 28px;\n  }\n}\n@media (min-width:850px) {\n  #section_880617003 {\n    padding-top: 115px;\n    padding-bottom: 115px;\n  }\n}\n<\/style>\n\t<\/section>\n\t\n\n","protected":false},"excerpt":{"rendered":"","protected":false},"author":1,"featured_media":0,"parent":0,"menu_order":0,"comment_status":"closed","ping_status":"closed","template":"page-blank.php","meta":{"footnotes":""},"class_list":["post-5747","page","type-page","status-publish","hentry"],"_links":{"self":[{"href":"https:\/\/marof.net\/it\/wp-json\/wp\/v2\/pages\/5747","targetHints":{"allow":["GET"]}}],"collection":[{"href":"https:\/\/marof.net\/it\/wp-json\/wp\/v2\/pages"}],"about":[{"href":"https:\/\/marof.net\/it\/wp-json\/wp\/v2\/types\/page"}],"author":[{"embeddable":true,"href":"https:\/\/marof.net\/it\/wp-json\/wp\/v2\/users\/1"}],"replies":[{"embeddable":true,"href":"https:\/\/marof.net\/it\/wp-json\/wp\/v2\/comments?post=5747"}],"version-history":[{"count":0,"href":"https:\/\/marof.net\/it\/wp-json\/wp\/v2\/pages\/5747\/revisions"}],"wp:attachment":[{"href":"https:\/\/marof.net\/it\/wp-json\/wp\/v2\/media?parent=5747"}],"curies":[{"name":"wp","href":"https:\/\/api.w.org\/{rel}","templated":true}]}}